{"id":805,"date":"2025-12-09T12:43:06","date_gmt":"2025-12-09T11:43:06","guid":{"rendered":"https:\/\/www.visitlakegardabyboat.com\/deu\/?page_id=805"},"modified":"2026-04-08T10:58:27","modified_gmt":"2026-04-08T08:58:27","slug":"unsere-leistungen","status":"publish","type":"page","link":"https:\/\/www.visitlakegardabyboat.com\/deu\/unsere-leistungen\/","title":{"rendered":"UNSERE LEISTUNGEN"},"content":{"rendered":"<div id=\"pl-805\"  class=\"panel-layout\" ><div id=\"pg-805-0\"  class=\"panel-grid panel-has-style\" ><div style=\"padding: -500px 0; \" data-overlay=\"true\" data-overlay-color=\"#000000\" class=\"panel-row-style panel-row-style-for-805-0\" ><div id=\"pgc-805-0-0\"  class=\"panel-grid-cell\" ><div id=\"panel-805-0-0-0\" class=\"so-panel widget widget_sow-editor panel-first-child\" data-index=\"0\" ><div style=\"text-align: left;\" data-title-color=\"#443f3f\" data-headings-color=\"#443f3f\" class=\"panel-widget-style panel-widget-style-for-805-0-0-0\" ><div\n\t\t\t\n\t\t\tclass=\"so-widget-sow-editor so-widget-sow-editor-base\"\n\t\t\t\n\t\t>\n<div class=\"siteorigin-widget-tinymce textwidget\">\n\t<p><span style=\"font-size: 34px; color: #1b376f;\">UNSERE LEISTUNGEN<\/span><\/p>\n<\/div>\n<\/div><\/div><\/div><div id=\"panel-805-0-0-1\" class=\"so-panel widget widget_sow-editor panel-last-child\" data-index=\"1\" ><div style=\"text-align: left;\" data-title-color=\"#443f3f\" data-headings-color=\"#443f3f\" class=\"panel-widget-style panel-widget-style-for-805-0-0-1\" ><div\n\t\t\t\n\t\t\tclass=\"so-widget-sow-editor so-widget-sow-editor-base\"\n\t\t\t\n\t\t>\n<div class=\"siteorigin-widget-tinymce textwidget\">\n\t<p><span lang=\"en-US\">Unsere Dienstleistungen reichen von vollst\u00e4ndig ma\u00dfgeschneiderten Touren mit professionellen Skippern und Reisef\u00fchrern bis hin zu einfachen Bootsvermietungen. Unsere Boote sind perfekt gewartet, mit allen notwendigen Sicherheitsvorrichtungen ausgestattet, vollst\u00e4ndig versichert und verf\u00fcgen \u00fcber Bluetooth-Lautsprecher.<\/span><\/p>\n<ul>\n<li><span lang=\"en-US\"><b>Private gef\u00fchrte Touren<\/b><\/span><span lang=\"en-US\">: Entdecken Sie die faszinierendsten und verborgensten Ecken des Sees \u2013 bereichert durch unsere Erz\u00e4hlungen \u00fcber die Geschichte und Kultur des Gardasees.<\/span><\/li>\n<li><span lang=\"en-US\"><b>Ma\u00dfgeschneiderte Erlebnisse: <\/b><\/span><span lang=\"en-US\">Gemeinsam mit Ihnen gestaltet, um jeden Wunsch und jede Neugier zu erf\u00fcllen. Nicht nur Badepausen und klassische Routen, sondern auch Ausfl\u00fcge ins Hinterland, Verkostungen in Weing\u00fctern, \u00d6lm\u00fchlen und Zitronengew\u00e4chsh\u00e4usern, Kunsttouren sowie authentische Momente lokaler Kultur.<\/span><\/li>\n<li><span lang=\"en-US\"><b>Mini-Sonnenuntergangskreuzfahrt mit Aperitif: <\/b><\/span><span lang=\"en-US\">Ein stilvolles und unvergessliches Erlebnis an Bord eines eleganten Vintage-Gozzo.<\/span><\/li>\n<li><span lang=\"en-US\"><b>Personalisierter Abholservice: <\/b><\/span><span lang=\"en-US\">Transfers von und zu jedem Hafen, Hotel oder Restaurant am Seeufer.<\/span><\/li>\n<li><span lang=\"en-US\"><b>Lift und Unterst\u00fctzung f\u00fcr Windsurf, Kite und Wing-Foil: <\/b><\/span><span lang=\"en-US\">Transport und Betreuung in den windigsten Bereichen des Sees (Dienstleistung nach Absprache).<\/span><\/li>\n<li><span lang=\"en-US\"><b>Teambuilding-Erlebnis auf Booten: <\/b><\/span><span lang=\"en-US\">(Dienstleistung nach Absprache).<\/span><\/li>\n<li><span lang=\"en-US\"><b>Catering an Bord: <\/b><\/span><span lang=\"en-US\">(Dienstleistung nach Absprache).<\/span><\/li>\n<\/ul>\n<\/div>\n<\/div><\/div><\/div><\/div><\/div><\/div><div id=\"pg-805-1\"  class=\"panel-grid panel-has-style\" ><div style=\"padding: 100px 0; \" data-overlay=\"true\" data-overlay-color=\"#000000\" class=\"panel-row-style panel-row-style-for-805-1\" ><div id=\"pgc-805-1-0\"  class=\"panel-grid-cell\" ><div id=\"panel-805-1-0-0\" class=\"so-panel widget widget_sow-image panel-first-child panel-last-child\" data-index=\"2\" ><div style=\"text-align: left;\" data-title-color=\"#443f3f\" data-headings-color=\"#443f3f\" class=\"panel-widget-style panel-widget-style-for-805-1-0-0\" ><div\n\t\t\t\n\t\t\tclass=\"so-widget-sow-image so-widget-sow-image-default-8b5b6f678277-805\"\n\t\t\t\n\t\t>\n<div class=\"sow-image-container\">\n\t\t<img \n\tsrc=\"https:\/\/www.visitlakegardabyboat.com\/deu\/wp-content\/uploads\/sites\/11\/2025\/12\/img-interna-services1.jpg\" width=\"812\" height=\"519\" srcset=\"https:\/\/www.visitlakegardabyboat.com\/deu\/wp-content\/uploads\/sites\/11\/2025\/12\/img-interna-services1.jpg 812w, https:\/\/www.visitlakegardabyboat.com\/deu\/wp-content\/uploads\/sites\/11\/2025\/12\/img-interna-services1-300x192.jpg 300w, https:\/\/www.visitlakegardabyboat.com\/deu\/wp-content\/uploads\/sites\/11\/2025\/12\/img-interna-services1-768x491.jpg 768w, https:\/\/www.visitlakegardabyboat.com\/deu\/wp-content\/uploads\/sites\/11\/2025\/12\/img-interna-services1-230x147.jpg 230w, https:\/\/www.visitlakegardabyboat.com\/deu\/wp-content\/uploads\/sites\/11\/2025\/12\/img-interna-services1-350x224.jpg 350w, https:\/\/www.visitlakegardabyboat.com\/deu\/wp-content\/uploads\/sites\/11\/2025\/12\/img-interna-services1-480x307.jpg 480w\" sizes=\"(max-width: 812px) 100vw, 812px\" alt=\"\" \t\tclass=\"so-widget-image\"\/>\n\t<\/div>\n\n<\/div><\/div><\/div><\/div><div id=\"pgc-805-1-1\"  class=\"panel-grid-cell\" ><div id=\"panel-805-1-1-0\" class=\"so-panel widget widget_sow-image panel-first-child panel-last-child\" data-index=\"3\" ><div style=\"text-align: left;\" data-title-color=\"#443f3f\" data-headings-color=\"#443f3f\" class=\"panel-widget-style panel-widget-style-for-805-1-1-0\" ><div\n\t\t\t\n\t\t\tclass=\"so-widget-sow-image so-widget-sow-image-default-8b5b6f678277-805\"\n\t\t\t\n\t\t>\n<div class=\"sow-image-container\">\n\t\t<img \n\tsrc=\"https:\/\/www.visitlakegardabyboat.com\/deu\/wp-content\/uploads\/sites\/11\/2025\/12\/img-interna-servizi.jpg\" width=\"812\" height=\"519\" srcset=\"https:\/\/www.visitlakegardabyboat.com\/deu\/wp-content\/uploads\/sites\/11\/2025\/12\/img-interna-servizi.jpg 812w, https:\/\/www.visitlakegardabyboat.com\/deu\/wp-content\/uploads\/sites\/11\/2025\/12\/img-interna-servizi-300x192.jpg 300w, https:\/\/www.visitlakegardabyboat.com\/deu\/wp-content\/uploads\/sites\/11\/2025\/12\/img-interna-servizi-768x491.jpg 768w, https:\/\/www.visitlakegardabyboat.com\/deu\/wp-content\/uploads\/sites\/11\/2025\/12\/img-interna-servizi-230x147.jpg 230w, https:\/\/www.visitlakegardabyboat.com\/deu\/wp-content\/uploads\/sites\/11\/2025\/12\/img-interna-servizi-350x224.jpg 350w, https:\/\/www.visitlakegardabyboat.com\/deu\/wp-content\/uploads\/sites\/11\/2025\/12\/img-interna-servizi-480x307.jpg 480w\" sizes=\"(max-width: 812px) 100vw, 812px\" alt=\"\" \t\tclass=\"so-widget-image\"\/>\n\t<\/div>\n\n<\/div><\/div><\/div><\/div><\/div><\/div><div id=\"pg-805-2\"  class=\"panel-grid panel-has-style\" ><div style=\"padding: -150px 0; \" data-overlay=\"true\" data-overlay-color=\"#000000\" class=\"panel-row-style panel-row-style-for-805-2\" ><div id=\"pgc-805-2-0\"  class=\"panel-grid-cell\" ><div id=\"panel-805-2-0-0\" class=\"so-panel widget widget_sow-editor panel-first-child panel-last-child\" data-index=\"4\" ><div style=\"text-align: left;\" data-title-color=\"#443f3f\" data-headings-color=\"#443f3f\" class=\"panel-widget-style panel-widget-style-for-805-2-0-0\" ><div\n\t\t\t\n\t\t\tclass=\"so-widget-sow-editor so-widget-sow-editor-base\"\n\t\t\t\n\t\t>\n<div class=\"siteorigin-widget-tinymce textwidget\">\n\t<p><span style=\"font-size: 25px; color: #1b376f;\">IM HERZEN DES SEES, FERNAB DER \u00dcBLICHEN WEGE<\/span><\/p>\n<p>Eine Bootsfahrt mit uns erm\u00f6glicht es Ihnen, Gebiete entlang des Gardasees zu entdecken, die sonst unzug\u00e4nglich w\u00e4ren.<br \/>\nAusgew\u00e4hlte Buchten und exklusive, versteckte Orte bieten Erlebnisse voller Privatsph\u00e4re und unber\u00fchrter Natur \u2013 fernab der Wege an Land.<br \/>\nEin einzigartiges Erlebnis, das nur \u00fcber den Wasserweg zug\u00e4nglich ist und einen unmittelbaren Kontakt mit der Sch\u00f6nheit des Sees in einem exklusiven und gesch\u00fctzten Rahmen erm\u00f6glicht.<\/p>\n<\/div>\n<\/div><\/div><\/div><\/div><\/div><\/div><\/div>","protected":false},"excerpt":{"rendered":"<p>UNSERE LEISTUNGEN Unsere Dienstleistungen reichen von vollst\u00e4ndig ma\u00dfgeschneiderten Touren mit professionellen Skippern und Reisef\u00fchrern bis hin zu einfachen Bootsvermietungen. Unsere Boote sind perfekt gewartet, mit allen notwendigen Sicherheitsvorrichtungen ausgestattet, vollst\u00e4ndig versichert und verf\u00fcgen \u00fcber Bluetooth-Lautsprecher. Private gef\u00fchrte Touren: Entdecken Sie die faszinierendsten und verborgensten Ecken des Sees \u2013 bereichert durch unsere Erz\u00e4hlungen \u00fcber die Geschichte [&hellip;]<\/p>\n","protected":false},"author":1,"featured_media":0,"parent":0,"menu_order":0,"comment_status":"closed","ping_status":"closed","template":"page-templates\/page_fullwidth.php","meta":{"inline_featured_image":false,"ngg_post_thumbnail":0,"footnotes":""},"class_list":["post-805","page","type-page","status-publish","hentry"],"yoast_head":"<!-- This site is optimized with the Yoast SEO plugin v27.3 - https:\/\/yoast.com\/product\/yoast-seo-wordpress\/ -->\n<title>UNSERE LEISTUNGEN - Visit Lake Garda by boat Tedesco<\/title>\n<meta name=\"robots\" content=\"index, follow, max-snippet:-1, max-image-preview:large, max-video-preview:-1\" \/>\n<link rel=\"canonical\" href=\"https:\/\/www.visitlakegardabyboat.com\/deu\/unsere-leistungen\/\" \/>\n<meta property=\"og:locale\" content=\"it_IT\" \/>\n<meta property=\"og:type\" content=\"article\" \/>\n<meta property=\"og:title\" content=\"UNSERE LEISTUNGEN - Visit Lake Garda by boat Tedesco\" \/>\n<meta property=\"og:description\" content=\"UNSERE LEISTUNGEN Unsere Dienstleistungen reichen von vollst\u00e4ndig ma\u00dfgeschneiderten Touren mit professionellen Skippern und Reisef\u00fchrern bis hin zu einfachen Bootsvermietungen. Unsere Boote sind perfekt gewartet, mit allen notwendigen Sicherheitsvorrichtungen ausgestattet, vollst\u00e4ndig versichert und verf\u00fcgen \u00fcber Bluetooth-Lautsprecher. Private gef\u00fchrte Touren: Entdecken Sie die faszinierendsten und verborgensten Ecken des Sees \u2013 bereichert durch unsere Erz\u00e4hlungen \u00fcber die Geschichte [&hellip;]\" \/>\n<meta property=\"og:url\" content=\"https:\/\/www.visitlakegardabyboat.com\/deu\/unsere-leistungen\/\" \/>\n<meta property=\"og:site_name\" content=\"Visit Lake Garda by boat Tedesco\" \/>\n<meta property=\"article:modified_time\" content=\"2026-04-08T08:58:27+00:00\" \/>\n<meta name=\"twitter:card\" content=\"summary_large_image\" \/>\n<meta name=\"twitter:label1\" content=\"Tempo di lettura stimato\" \/>\n\t<meta name=\"twitter:data1\" content=\"2 minuti\" \/>\n<script type=\"application\/ld+json\" class=\"yoast-schema-graph\">{\"@context\":\"https:\\\/\\\/schema.org\",\"@graph\":[{\"@type\":\"WebPage\",\"@id\":\"https:\\\/\\\/www.visitlakegardabyboat.com\\\/deu\\\/unsere-leistungen\\\/\",\"url\":\"https:\\\/\\\/www.visitlakegardabyboat.com\\\/deu\\\/unsere-leistungen\\\/\",\"name\":\"UNSERE LEISTUNGEN - Visit Lake Garda by boat Tedesco\",\"isPartOf\":{\"@id\":\"https:\\\/\\\/www.visitlakegardabyboat.com\\\/deu\\\/#website\"},\"datePublished\":\"2025-12-09T11:43:06+00:00\",\"dateModified\":\"2026-04-08T08:58:27+00:00\",\"breadcrumb\":{\"@id\":\"https:\\\/\\\/www.visitlakegardabyboat.com\\\/deu\\\/unsere-leistungen\\\/#breadcrumb\"},\"inLanguage\":\"it-IT\",\"potentialAction\":[{\"@type\":\"ReadAction\",\"target\":[\"https:\\\/\\\/www.visitlakegardabyboat.com\\\/deu\\\/unsere-leistungen\\\/\"]}]},{\"@type\":\"BreadcrumbList\",\"@id\":\"https:\\\/\\\/www.visitlakegardabyboat.com\\\/deu\\\/unsere-leistungen\\\/#breadcrumb\",\"itemListElement\":[{\"@type\":\"ListItem\",\"position\":1,\"name\":\"Home\",\"item\":\"https:\\\/\\\/www.visitlakegardabyboat.com\\\/deu\\\/\"},{\"@type\":\"ListItem\",\"position\":2,\"name\":\"UNSERE LEISTUNGEN\"}]},{\"@type\":\"WebSite\",\"@id\":\"https:\\\/\\\/www.visitlakegardabyboat.com\\\/deu\\\/#website\",\"url\":\"https:\\\/\\\/www.visitlakegardabyboat.com\\\/deu\\\/\",\"name\":\"Visit Lake Garda by boat\",\"description\":\"\",\"publisher\":{\"@id\":\"https:\\\/\\\/www.visitlakegardabyboat.com\\\/deu\\\/#organization\"},\"potentialAction\":[{\"@type\":\"SearchAction\",\"target\":{\"@type\":\"EntryPoint\",\"urlTemplate\":\"https:\\\/\\\/www.visitlakegardabyboat.com\\\/deu\\\/?s={search_term_string}\"},\"query-input\":{\"@type\":\"PropertyValueSpecification\",\"valueRequired\":true,\"valueName\":\"search_term_string\"}}],\"inLanguage\":\"it-IT\"},{\"@type\":\"Organization\",\"@id\":\"https:\\\/\\\/www.visitlakegardabyboat.com\\\/deu\\\/#organization\",\"name\":\"Visit Lake Garda by boat\",\"url\":\"https:\\\/\\\/www.visitlakegardabyboat.com\\\/deu\\\/\",\"logo\":{\"@type\":\"ImageObject\",\"inLanguage\":\"it-IT\",\"@id\":\"https:\\\/\\\/www.visitlakegardabyboat.com\\\/deu\\\/#\\\/schema\\\/logo\\\/image\\\/\",\"url\":\"https:\\\/\\\/www.visitlakegardabyboat.com\\\/deu\\\/wp-content\\\/uploads\\\/sites\\\/11\\\/2025\\\/11\\\/visitgardalakebyboat.jpg\",\"contentUrl\":\"https:\\\/\\\/www.visitlakegardabyboat.com\\\/deu\\\/wp-content\\\/uploads\\\/sites\\\/11\\\/2025\\\/11\\\/visitgardalakebyboat.jpg\",\"width\":450,\"height\":419,\"caption\":\"Visit Lake Garda by boat\"},\"image\":{\"@id\":\"https:\\\/\\\/www.visitlakegardabyboat.com\\\/deu\\\/#\\\/schema\\\/logo\\\/image\\\/\"}}]}<\/script>\n<!-- \/ Yoast SEO plugin. -->","yoast_head_json":{"title":"UNSERE LEISTUNGEN - Visit Lake Garda by boat Tedesco","robots":{"index":"index","follow":"follow","max-snippet":"max-snippet:-1","max-image-preview":"max-image-preview:large","max-video-preview":"max-video-preview:-1"},"canonical":"https:\/\/www.visitlakegardabyboat.com\/deu\/unsere-leistungen\/","og_locale":"it_IT","og_type":"article","og_title":"UNSERE LEISTUNGEN - Visit Lake Garda by boat Tedesco","og_description":"UNSERE LEISTUNGEN Unsere Dienstleistungen reichen von vollst\u00e4ndig ma\u00dfgeschneiderten Touren mit professionellen Skippern und Reisef\u00fchrern bis hin zu einfachen Bootsvermietungen. Unsere Boote sind perfekt gewartet, mit allen notwendigen Sicherheitsvorrichtungen ausgestattet, vollst\u00e4ndig versichert und verf\u00fcgen \u00fcber Bluetooth-Lautsprecher. Private gef\u00fchrte Touren: Entdecken Sie die faszinierendsten und verborgensten Ecken des Sees \u2013 bereichert durch unsere Erz\u00e4hlungen \u00fcber die Geschichte [&hellip;]","og_url":"https:\/\/www.visitlakegardabyboat.com\/deu\/unsere-leistungen\/","og_site_name":"Visit Lake Garda by boat Tedesco","article_modified_time":"2026-04-08T08:58:27+00:00","twitter_card":"summary_large_image","twitter_misc":{"Tempo di lettura stimato":"2 minuti"},"schema":{"@context":"https:\/\/schema.org","@graph":[{"@type":"WebPage","@id":"https:\/\/www.visitlakegardabyboat.com\/deu\/unsere-leistungen\/","url":"https:\/\/www.visitlakegardabyboat.com\/deu\/unsere-leistungen\/","name":"UNSERE LEISTUNGEN - Visit Lake Garda by boat Tedesco","isPartOf":{"@id":"https:\/\/www.visitlakegardabyboat.com\/deu\/#website"},"datePublished":"2025-12-09T11:43:06+00:00","dateModified":"2026-04-08T08:58:27+00:00","breadcrumb":{"@id":"https:\/\/www.visitlakegardabyboat.com\/deu\/unsere-leistungen\/#breadcrumb"},"inLanguage":"it-IT","potentialAction":[{"@type":"ReadAction","target":["https:\/\/www.visitlakegardabyboat.com\/deu\/unsere-leistungen\/"]}]},{"@type":"BreadcrumbList","@id":"https:\/\/www.visitlakegardabyboat.com\/deu\/unsere-leistungen\/#breadcrumb","itemListElement":[{"@type":"ListItem","position":1,"name":"Home","item":"https:\/\/www.visitlakegardabyboat.com\/deu\/"},{"@type":"ListItem","position":2,"name":"UNSERE LEISTUNGEN"}]},{"@type":"WebSite","@id":"https:\/\/www.visitlakegardabyboat.com\/deu\/#website","url":"https:\/\/www.visitlakegardabyboat.com\/deu\/","name":"Visit Lake Garda by boat","description":"","publisher":{"@id":"https:\/\/www.visitlakegardabyboat.com\/deu\/#organization"},"potentialAction":[{"@type":"SearchAction","target":{"@type":"EntryPoint","urlTemplate":"https:\/\/www.visitlakegardabyboat.com\/deu\/?s={search_term_string}"},"query-input":{"@type":"PropertyValueSpecification","valueRequired":true,"valueName":"search_term_string"}}],"inLanguage":"it-IT"},{"@type":"Organization","@id":"https:\/\/www.visitlakegardabyboat.com\/deu\/#organization","name":"Visit Lake Garda by boat","url":"https:\/\/www.visitlakegardabyboat.com\/deu\/","logo":{"@type":"ImageObject","inLanguage":"it-IT","@id":"https:\/\/www.visitlakegardabyboat.com\/deu\/#\/schema\/logo\/image\/","url":"https:\/\/www.visitlakegardabyboat.com\/deu\/wp-content\/uploads\/sites\/11\/2025\/11\/visitgardalakebyboat.jpg","contentUrl":"https:\/\/www.visitlakegardabyboat.com\/deu\/wp-content\/uploads\/sites\/11\/2025\/11\/visitgardalakebyboat.jpg","width":450,"height":419,"caption":"Visit Lake Garda by boat"},"image":{"@id":"https:\/\/www.visitlakegardabyboat.com\/deu\/#\/schema\/logo\/image\/"}}]}},"_links":{"self":[{"href":"https:\/\/www.visitlakegardabyboat.com\/deu\/wp-json\/wp\/v2\/pages\/805","targetHints":{"allow":["GET"]}}],"collection":[{"href":"https:\/\/www.visitlakegardabyboat.com\/deu\/wp-json\/wp\/v2\/pages"}],"about":[{"href":"https:\/\/www.visitlakegardabyboat.com\/deu\/wp-json\/wp\/v2\/types\/page"}],"author":[{"embeddable":true,"href":"https:\/\/www.visitlakegardabyboat.com\/deu\/wp-json\/wp\/v2\/users\/1"}],"replies":[{"embeddable":true,"href":"https:\/\/www.visitlakegardabyboat.com\/deu\/wp-json\/wp\/v2\/comments?post=805"}],"version-history":[{"count":12,"href":"https:\/\/www.visitlakegardabyboat.com\/deu\/wp-json\/wp\/v2\/pages\/805\/revisions"}],"predecessor-version":[{"id":1278,"href":"https:\/\/www.visitlakegardabyboat.com\/deu\/wp-json\/wp\/v2\/pages\/805\/revisions\/1278"}],"wp:attachment":[{"href":"https:\/\/www.visitlakegardabyboat.com\/deu\/wp-json\/wp\/v2\/media?parent=805"}],"curies":[{"name":"wp","href":"https:\/\/api.w.org\/{rel}","templated":true}]}}