{"id":212,"date":"2025-12-03T14:32:38","date_gmt":"2025-12-03T13:32:38","guid":{"rendered":"https:\/\/www.visitlakegardabyboat.com\/deu\/?page_id=212"},"modified":"2026-04-08T10:32:27","modified_gmt":"2026-04-08T08:32:27","slug":"home-page","status":"publish","type":"page","link":"https:\/\/www.visitlakegardabyboat.com\/deu\/","title":{"rendered":""},"content":{"rendered":"<div id=\"pl-212\"  class=\"panel-layout\" ><div id=\"pg-212-0\"  class=\"panel-grid panel-has-style\" ><div style=\"padding: -100px 0; \" data-overlay=\"true\" data-overlay-color=\"#000000\" class=\"panel-row-style panel-row-style-for-212-0\" ><div id=\"pgc-212-0-0\"  class=\"panel-grid-cell\" ><div id=\"panel-212-0-0-0\" class=\"so-panel widget widget_sow-editor panel-first-child panel-last-child\" data-index=\"0\" ><div style=\"text-align: left;\" data-title-color=\"#443f3f\" data-headings-color=\"#443f3f\" class=\"panel-widget-style panel-widget-style-for-212-0-0-0\" ><div\n\t\t\t\n\t\t\tclass=\"so-widget-sow-editor so-widget-sow-editor-base\"\n\t\t\t\n\t\t>\n<div class=\"siteorigin-widget-tinymce textwidget\">\n\t<p>&nbsp;<\/p>\n<p>&nbsp;<\/p>\n<p style=\"text-align: center;\"><span style=\"color: #245fa6;\">\u00ab<i>Der gewaltige und wundervolle Gardasee hat mich verzaubert: Er ist ein Ort, an dem sich die Seele f\u00fcr die Sch\u00f6nheit \u00f6ffnet.\u201c (Stendhal, 1783-1842)<\/i><i>.<\/i><\/span><\/p>\n<p style=\"text-align: center;\"><span style=\"color: #245fa6;\"><i>&nbsp;<\/i><\/span><\/p>\n<p>&nbsp;<\/p>\n<p><span style=\"color: #002060;\"><span style=\"font-family: Roboto Light;\"><span style=\"font-size: x-large;\"><b>EINZIGARTIGE UND EXKLUSIVE ERLEBNISSE<\/b><\/span><\/span><\/span><\/p>\n<p>Entdecken Sie den Gardasee, wie Sie ihn noch nie zuvor erlebt haben \u2013 mit privaten und gef\u00fchrten Touren zu Wasser und zu Land, die Sie zu einzigartigen Orten f\u00fchren: malerische Hafenst\u00e4dtchen, verborgene Buchten, geschichtstr\u00e4chtige D\u00f6rfer, authentische Kultur, Sport und lokale Aromen zum Genie\u00dfen.<br \/>\nUnsere Basis befindet sich in Villa di Gargnano, im Herzen des Brescianer Ufers des Sees, doch unsere Erfahrung umfasst den gesamten Gardasee.<br \/>\nDank unserer professionellen Skipper und Guides, die Italienisch, Englisch, Franz\u00f6sisch und Deutsch sprechen, bieten wir Ihnen einen sorgf\u00e4ltigen und unverwechselbaren Service \u2013 gepr\u00e4gt von jenen kleinen Details, die den Unterschied machen.<br \/>\nWir kennen jeden Winkel des Sees und seiner Umgebung: geheime Buchten, bezaubernde Aussichtspunkte und versteckte Sch\u00e4tze fernab der \u00fcblichen Wege. Mit uns erleben Sie ma\u00dfgeschneiderte Touren, gedacht f\u00fcr alle, die Sch\u00f6nheit, Ruhe und Exklusivit\u00e4t suchen.<br \/>\nLassen Sie sich von uns zu einem authentischen Gardasee f\u00fchren \u2013 wo jeder Moment zu einer unvergesslichen Erinnerung wird.<\/p>\n<p>&nbsp;<\/p>\n<\/div>\n<\/div><\/div><\/div><\/div><\/div><\/div><div id=\"pg-212-1\"  class=\"panel-grid panel-has-style\" ><div style=\"padding: 0px 0; \" data-overlay=\"true\" data-overlay-color=\"#000000\" class=\"panel-row-style panel-row-style-for-212-1\" ><div id=\"pgc-212-1-0\"  class=\"panel-grid-cell\" ><div id=\"panel-212-1-0-0\" class=\"so-panel widget widget_sow-editor panel-first-child panel-last-child\" data-index=\"1\" ><div style=\"text-align: left;\" data-title-color=\"#443f3f\" data-headings-color=\"#443f3f\" class=\"panel-widget-style panel-widget-style-for-212-1-0-0\" ><div\n\t\t\t\n\t\t\tclass=\"so-widget-sow-editor so-widget-sow-editor-base\"\n\t\t\t\n\t\t>\n<div class=\"siteorigin-widget-tinymce textwidget\">\n\t<p><img loading=\"lazy\" decoding=\"async\" class=\"alignnone wp-image-225\" src=\"https:\/\/www.visitlakegardabyboat.com\/deu\/wp-content\/uploads\/sites\/11\/2025\/12\/foto-home1.jpg\" alt=\"\" width=\"372\" height=\"256\" srcset=\"https:\/\/www.visitlakegardabyboat.com\/deu\/wp-content\/uploads\/sites\/11\/2025\/12\/foto-home1.jpg 807w, https:\/\/www.visitlakegardabyboat.com\/deu\/wp-content\/uploads\/sites\/11\/2025\/12\/foto-home1-300x207.jpg 300w, https:\/\/www.visitlakegardabyboat.com\/deu\/wp-content\/uploads\/sites\/11\/2025\/12\/foto-home1-768x529.jpg 768w, https:\/\/www.visitlakegardabyboat.com\/deu\/wp-content\/uploads\/sites\/11\/2025\/12\/foto-home1-230x158.jpg 230w, https:\/\/www.visitlakegardabyboat.com\/deu\/wp-content\/uploads\/sites\/11\/2025\/12\/foto-home1-350x241.jpg 350w, https:\/\/www.visitlakegardabyboat.com\/deu\/wp-content\/uploads\/sites\/11\/2025\/12\/foto-home1-480x331.jpg 480w\" sizes=\"auto, (max-width: 372px) 100vw, 372px\" \/><\/p>\n<p>&nbsp;<\/p>\n<\/div>\n<\/div><\/div><\/div><\/div><div id=\"pgc-212-1-1\"  class=\"panel-grid-cell\" ><div id=\"panel-212-1-1-0\" class=\"so-panel widget widget_sow-editor panel-first-child panel-last-child\" data-index=\"2\" ><div style=\"text-align: left;\" data-title-color=\"#443f3f\" data-headings-color=\"#443f3f\" class=\"panel-widget-style panel-widget-style-for-212-1-1-0\" ><div\n\t\t\t\n\t\t\tclass=\"so-widget-sow-editor so-widget-sow-editor-base\"\n\t\t\t\n\t\t>\n<div class=\"siteorigin-widget-tinymce textwidget\">\n\t<p><img loading=\"lazy\" decoding=\"async\" class=\"alignnone wp-image-231\" src=\"https:\/\/www.visitlakegardabyboat.com\/deu\/wp-content\/uploads\/sites\/11\/2025\/12\/foto-home2-300x207.jpg\" alt=\"\" width=\"372\" height=\"256\" srcset=\"https:\/\/www.visitlakegardabyboat.com\/deu\/wp-content\/uploads\/sites\/11\/2025\/12\/foto-home2-300x207.jpg 300w, https:\/\/www.visitlakegardabyboat.com\/deu\/wp-content\/uploads\/sites\/11\/2025\/12\/foto-home2-768x529.jpg 768w, https:\/\/www.visitlakegardabyboat.com\/deu\/wp-content\/uploads\/sites\/11\/2025\/12\/foto-home2-230x158.jpg 230w, https:\/\/www.visitlakegardabyboat.com\/deu\/wp-content\/uploads\/sites\/11\/2025\/12\/foto-home2-350x241.jpg 350w, https:\/\/www.visitlakegardabyboat.com\/deu\/wp-content\/uploads\/sites\/11\/2025\/12\/foto-home2-480x331.jpg 480w, https:\/\/www.visitlakegardabyboat.com\/deu\/wp-content\/uploads\/sites\/11\/2025\/12\/foto-home2.jpg 807w\" sizes=\"auto, (max-width: 372px) 100vw, 372px\" \/><\/p>\n<p>&nbsp;<\/p>\n<\/div>\n<\/div><\/div><\/div><\/div><div id=\"pgc-212-1-2\"  class=\"panel-grid-cell\" ><div id=\"panel-212-1-2-0\" class=\"so-panel widget widget_sow-editor panel-first-child panel-last-child\" data-index=\"3\" ><div style=\"text-align: left;\" data-title-color=\"#443f3f\" data-headings-color=\"#443f3f\" class=\"panel-widget-style panel-widget-style-for-212-1-2-0\" ><div\n\t\t\t\n\t\t\tclass=\"so-widget-sow-editor so-widget-sow-editor-base\"\n\t\t\t\n\t\t>\n<div class=\"siteorigin-widget-tinymce textwidget\">\n\t<p><img loading=\"lazy\" decoding=\"async\" class=\"alignnone wp-image-232\" src=\"https:\/\/www.visitlakegardabyboat.com\/deu\/wp-content\/uploads\/sites\/11\/2025\/12\/foto-home3-300x207.jpg\" alt=\"\" width=\"372\" height=\"256\" srcset=\"https:\/\/www.visitlakegardabyboat.com\/deu\/wp-content\/uploads\/sites\/11\/2025\/12\/foto-home3-300x207.jpg 300w, https:\/\/www.visitlakegardabyboat.com\/deu\/wp-content\/uploads\/sites\/11\/2025\/12\/foto-home3-768x529.jpg 768w, https:\/\/www.visitlakegardabyboat.com\/deu\/wp-content\/uploads\/sites\/11\/2025\/12\/foto-home3-230x158.jpg 230w, https:\/\/www.visitlakegardabyboat.com\/deu\/wp-content\/uploads\/sites\/11\/2025\/12\/foto-home3-350x241.jpg 350w, https:\/\/www.visitlakegardabyboat.com\/deu\/wp-content\/uploads\/sites\/11\/2025\/12\/foto-home3-480x331.jpg 480w, https:\/\/www.visitlakegardabyboat.com\/deu\/wp-content\/uploads\/sites\/11\/2025\/12\/foto-home3.jpg 807w\" sizes=\"auto, (max-width: 372px) 100vw, 372px\" \/><\/p>\n<p>&nbsp;<\/p>\n<p>&nbsp;<\/p>\n<\/div>\n<\/div><\/div><\/div><\/div><\/div><\/div><\/div>","protected":false},"excerpt":{"rendered":"<p>&nbsp; &nbsp; \u00abDer gewaltige und wundervolle Gardasee hat mich verzaubert: Er ist ein Ort, an dem sich die Seele f\u00fcr die Sch\u00f6nheit \u00f6ffnet.\u201c (Stendhal, 1783-1842). &nbsp; &nbsp; EINZIGARTIGE UND EXKLUSIVE ERLEBNISSE Entdecken Sie den Gardasee, wie Sie ihn noch nie zuvor erlebt haben \u2013 mit privaten und gef\u00fchrten Touren zu Wasser und zu Land, die [&hellip;]<\/p>\n","protected":false},"author":1,"featured_media":0,"parent":0,"menu_order":0,"comment_status":"closed","ping_status":"closed","template":"page-templates\/page_fullwidth.php","meta":{"inline_featured_image":false,"ngg_post_thumbnail":0,"footnotes":""},"class_list":["post-212","page","type-page","status-publish","hentry"],"yoast_head":"<!-- This site is optimized with the Yoast SEO plugin v27.3 - https:\/\/yoast.com\/product\/yoast-seo-wordpress\/ -->\n<title>- Visit Lake Garda by boat Tedesco<\/title>\n<meta name=\"robots\" content=\"index, follow, max-snippet:-1, max-image-preview:large, max-video-preview:-1\" \/>\n<link rel=\"canonical\" href=\"https:\/\/www.visitlakegardabyboat.com\/deu\/\" \/>\n<meta property=\"og:locale\" content=\"it_IT\" \/>\n<meta property=\"og:type\" content=\"article\" \/>\n<meta property=\"og:title\" content=\"- Visit Lake Garda by boat Tedesco\" \/>\n<meta property=\"og:description\" content=\"&nbsp; &nbsp; \u00abDer gewaltige und wundervolle Gardasee hat mich verzaubert: Er ist ein Ort, an dem sich die Seele f\u00fcr die Sch\u00f6nheit \u00f6ffnet.\u201c (Stendhal, 1783-1842). &nbsp; &nbsp; EINZIGARTIGE UND EXKLUSIVE ERLEBNISSE Entdecken Sie den Gardasee, wie Sie ihn noch nie zuvor erlebt haben \u2013 mit privaten und gef\u00fchrten Touren zu Wasser und zu Land, die [&hellip;]\" \/>\n<meta property=\"og:url\" content=\"https:\/\/www.visitlakegardabyboat.com\/deu\/\" \/>\n<meta property=\"og:site_name\" content=\"Visit Lake Garda by boat Tedesco\" \/>\n<meta property=\"article:modified_time\" content=\"2026-04-08T08:32:27+00:00\" \/>\n<meta property=\"og:image\" content=\"https:\/\/www.visitlakegardabyboat.com\/deu\/wp-content\/uploads\/sites\/11\/2025\/12\/foto-home1.jpg\" \/>\n\t<meta property=\"og:image:width\" content=\"807\" \/>\n\t<meta property=\"og:image:height\" content=\"556\" \/>\n\t<meta property=\"og:image:type\" content=\"image\/jpeg\" \/>\n<meta name=\"twitter:card\" content=\"summary_large_image\" \/>\n<meta name=\"twitter:label1\" content=\"Tempo di lettura stimato\" \/>\n\t<meta name=\"twitter:data1\" content=\"2 minuti\" \/>\n<script type=\"application\/ld+json\" class=\"yoast-schema-graph\">{\"@context\":\"https:\\\/\\\/schema.org\",\"@graph\":[{\"@type\":\"WebPage\",\"@id\":\"https:\\\/\\\/www.visitlakegardabyboat.com\\\/deu\\\/\",\"url\":\"https:\\\/\\\/www.visitlakegardabyboat.com\\\/deu\\\/\",\"name\":\"- Visit Lake Garda by boat Tedesco\",\"isPartOf\":{\"@id\":\"https:\\\/\\\/www.visitlakegardabyboat.com\\\/deu\\\/#website\"},\"primaryImageOfPage\":{\"@id\":\"https:\\\/\\\/www.visitlakegardabyboat.com\\\/deu\\\/#primaryimage\"},\"image\":{\"@id\":\"https:\\\/\\\/www.visitlakegardabyboat.com\\\/deu\\\/#primaryimage\"},\"thumbnailUrl\":\"https:\\\/\\\/www.visitlakegardabyboat.com\\\/deu\\\/wp-content\\\/uploads\\\/sites\\\/11\\\/2025\\\/12\\\/foto-home1.jpg\",\"datePublished\":\"2025-12-03T13:32:38+00:00\",\"dateModified\":\"2026-04-08T08:32:27+00:00\",\"inLanguage\":\"it-IT\",\"potentialAction\":[{\"@type\":\"ReadAction\",\"target\":[\"https:\\\/\\\/www.visitlakegardabyboat.com\\\/deu\\\/\"]}]},{\"@type\":\"ImageObject\",\"inLanguage\":\"it-IT\",\"@id\":\"https:\\\/\\\/www.visitlakegardabyboat.com\\\/deu\\\/#primaryimage\",\"url\":\"https:\\\/\\\/www.visitlakegardabyboat.com\\\/deu\\\/wp-content\\\/uploads\\\/sites\\\/11\\\/2025\\\/12\\\/foto-home1.jpg\",\"contentUrl\":\"https:\\\/\\\/www.visitlakegardabyboat.com\\\/deu\\\/wp-content\\\/uploads\\\/sites\\\/11\\\/2025\\\/12\\\/foto-home1.jpg\",\"width\":807,\"height\":556},{\"@type\":\"WebSite\",\"@id\":\"https:\\\/\\\/www.visitlakegardabyboat.com\\\/deu\\\/#website\",\"url\":\"https:\\\/\\\/www.visitlakegardabyboat.com\\\/deu\\\/\",\"name\":\"Visit Lake Garda by boat\",\"description\":\"\",\"publisher\":{\"@id\":\"https:\\\/\\\/www.visitlakegardabyboat.com\\\/deu\\\/#organization\"},\"potentialAction\":[{\"@type\":\"SearchAction\",\"target\":{\"@type\":\"EntryPoint\",\"urlTemplate\":\"https:\\\/\\\/www.visitlakegardabyboat.com\\\/deu\\\/?s={search_term_string}\"},\"query-input\":{\"@type\":\"PropertyValueSpecification\",\"valueRequired\":true,\"valueName\":\"search_term_string\"}}],\"inLanguage\":\"it-IT\"},{\"@type\":\"Organization\",\"@id\":\"https:\\\/\\\/www.visitlakegardabyboat.com\\\/deu\\\/#organization\",\"name\":\"Visit Lake Garda by boat\",\"url\":\"https:\\\/\\\/www.visitlakegardabyboat.com\\\/deu\\\/\",\"logo\":{\"@type\":\"ImageObject\",\"inLanguage\":\"it-IT\",\"@id\":\"https:\\\/\\\/www.visitlakegardabyboat.com\\\/deu\\\/#\\\/schema\\\/logo\\\/image\\\/\",\"url\":\"https:\\\/\\\/www.visitlakegardabyboat.com\\\/deu\\\/wp-content\\\/uploads\\\/sites\\\/11\\\/2025\\\/11\\\/visitgardalakebyboat.jpg\",\"contentUrl\":\"https:\\\/\\\/www.visitlakegardabyboat.com\\\/deu\\\/wp-content\\\/uploads\\\/sites\\\/11\\\/2025\\\/11\\\/visitgardalakebyboat.jpg\",\"width\":450,\"height\":419,\"caption\":\"Visit Lake Garda by boat\"},\"image\":{\"@id\":\"https:\\\/\\\/www.visitlakegardabyboat.com\\\/deu\\\/#\\\/schema\\\/logo\\\/image\\\/\"}}]}<\/script>\n<!-- \/ Yoast SEO plugin. -->","yoast_head_json":{"title":"- Visit Lake Garda by boat Tedesco","robots":{"index":"index","follow":"follow","max-snippet":"max-snippet:-1","max-image-preview":"max-image-preview:large","max-video-preview":"max-video-preview:-1"},"canonical":"https:\/\/www.visitlakegardabyboat.com\/deu\/","og_locale":"it_IT","og_type":"article","og_title":"- Visit Lake Garda by boat Tedesco","og_description":"&nbsp; &nbsp; \u00abDer gewaltige und wundervolle Gardasee hat mich verzaubert: Er ist ein Ort, an dem sich die Seele f\u00fcr die Sch\u00f6nheit \u00f6ffnet.\u201c (Stendhal, 1783-1842). &nbsp; &nbsp; EINZIGARTIGE UND EXKLUSIVE ERLEBNISSE Entdecken Sie den Gardasee, wie Sie ihn noch nie zuvor erlebt haben \u2013 mit privaten und gef\u00fchrten Touren zu Wasser und zu Land, die [&hellip;]","og_url":"https:\/\/www.visitlakegardabyboat.com\/deu\/","og_site_name":"Visit Lake Garda by boat Tedesco","article_modified_time":"2026-04-08T08:32:27+00:00","og_image":[{"width":807,"height":556,"url":"https:\/\/www.visitlakegardabyboat.com\/deu\/wp-content\/uploads\/sites\/11\/2025\/12\/foto-home1.jpg","type":"image\/jpeg"}],"twitter_card":"summary_large_image","twitter_misc":{"Tempo di lettura stimato":"2 minuti"},"schema":{"@context":"https:\/\/schema.org","@graph":[{"@type":"WebPage","@id":"https:\/\/www.visitlakegardabyboat.com\/deu\/","url":"https:\/\/www.visitlakegardabyboat.com\/deu\/","name":"- Visit Lake Garda by boat Tedesco","isPartOf":{"@id":"https:\/\/www.visitlakegardabyboat.com\/deu\/#website"},"primaryImageOfPage":{"@id":"https:\/\/www.visitlakegardabyboat.com\/deu\/#primaryimage"},"image":{"@id":"https:\/\/www.visitlakegardabyboat.com\/deu\/#primaryimage"},"thumbnailUrl":"https:\/\/www.visitlakegardabyboat.com\/deu\/wp-content\/uploads\/sites\/11\/2025\/12\/foto-home1.jpg","datePublished":"2025-12-03T13:32:38+00:00","dateModified":"2026-04-08T08:32:27+00:00","inLanguage":"it-IT","potentialAction":[{"@type":"ReadAction","target":["https:\/\/www.visitlakegardabyboat.com\/deu\/"]}]},{"@type":"ImageObject","inLanguage":"it-IT","@id":"https:\/\/www.visitlakegardabyboat.com\/deu\/#primaryimage","url":"https:\/\/www.visitlakegardabyboat.com\/deu\/wp-content\/uploads\/sites\/11\/2025\/12\/foto-home1.jpg","contentUrl":"https:\/\/www.visitlakegardabyboat.com\/deu\/wp-content\/uploads\/sites\/11\/2025\/12\/foto-home1.jpg","width":807,"height":556},{"@type":"WebSite","@id":"https:\/\/www.visitlakegardabyboat.com\/deu\/#website","url":"https:\/\/www.visitlakegardabyboat.com\/deu\/","name":"Visit Lake Garda by boat","description":"","publisher":{"@id":"https:\/\/www.visitlakegardabyboat.com\/deu\/#organization"},"potentialAction":[{"@type":"SearchAction","target":{"@type":"EntryPoint","urlTemplate":"https:\/\/www.visitlakegardabyboat.com\/deu\/?s={search_term_string}"},"query-input":{"@type":"PropertyValueSpecification","valueRequired":true,"valueName":"search_term_string"}}],"inLanguage":"it-IT"},{"@type":"Organization","@id":"https:\/\/www.visitlakegardabyboat.com\/deu\/#organization","name":"Visit Lake Garda by boat","url":"https:\/\/www.visitlakegardabyboat.com\/deu\/","logo":{"@type":"ImageObject","inLanguage":"it-IT","@id":"https:\/\/www.visitlakegardabyboat.com\/deu\/#\/schema\/logo\/image\/","url":"https:\/\/www.visitlakegardabyboat.com\/deu\/wp-content\/uploads\/sites\/11\/2025\/11\/visitgardalakebyboat.jpg","contentUrl":"https:\/\/www.visitlakegardabyboat.com\/deu\/wp-content\/uploads\/sites\/11\/2025\/11\/visitgardalakebyboat.jpg","width":450,"height":419,"caption":"Visit Lake Garda by boat"},"image":{"@id":"https:\/\/www.visitlakegardabyboat.com\/deu\/#\/schema\/logo\/image\/"}}]}},"_links":{"self":[{"href":"https:\/\/www.visitlakegardabyboat.com\/deu\/wp-json\/wp\/v2\/pages\/212","targetHints":{"allow":["GET"]}}],"collection":[{"href":"https:\/\/www.visitlakegardabyboat.com\/deu\/wp-json\/wp\/v2\/pages"}],"about":[{"href":"https:\/\/www.visitlakegardabyboat.com\/deu\/wp-json\/wp\/v2\/types\/page"}],"author":[{"embeddable":true,"href":"https:\/\/www.visitlakegardabyboat.com\/deu\/wp-json\/wp\/v2\/users\/1"}],"replies":[{"embeddable":true,"href":"https:\/\/www.visitlakegardabyboat.com\/deu\/wp-json\/wp\/v2\/comments?post=212"}],"version-history":[{"count":15,"href":"https:\/\/www.visitlakegardabyboat.com\/deu\/wp-json\/wp\/v2\/pages\/212\/revisions"}],"predecessor-version":[{"id":1277,"href":"https:\/\/www.visitlakegardabyboat.com\/deu\/wp-json\/wp\/v2\/pages\/212\/revisions\/1277"}],"wp:attachment":[{"href":"https:\/\/www.visitlakegardabyboat.com\/deu\/wp-json\/wp\/v2\/media?parent=212"}],"curies":[{"name":"wp","href":"https:\/\/api.w.org\/{rel}","templated":true}]}}