{"id":1084,"date":"2026-03-18T13:23:33","date_gmt":"2026-03-18T12:23:33","guid":{"rendered":"https:\/\/www.visitlakegardabyboat.com\/deu\/?page_id=1084"},"modified":"2026-04-11T09:14:11","modified_gmt":"2026-04-11T07:14:11","slug":"f-a-q-deu","status":"publish","type":"page","link":"https:\/\/www.visitlakegardabyboat.com\/deu\/f-a-q-deu\/","title":{"rendered":"F.A.Q."},"content":{"rendered":"<div id=\"pl-1084\"  class=\"panel-layout\" ><div id=\"pg-1084-0\"  class=\"panel-grid panel-has-style\" ><div style=\"padding: 0px 0; \" data-overlay=\"true\" data-overlay-color=\"#000000\" class=\"panel-row-style panel-row-style-for-1084-0\" ><div id=\"pgc-1084-0-0\"  class=\"panel-grid-cell\" ><div id=\"panel-1084-0-0-0\" class=\"so-panel widget widget_sow-editor panel-first-child panel-last-child\" data-index=\"0\" ><div style=\"text-align: left;\" data-title-color=\"#443f3f\" data-headings-color=\"#443f3f\" class=\"panel-widget-style panel-widget-style-for-1084-0-0-0\" ><div\n\t\t\t\n\t\t\tclass=\"so-widget-sow-editor so-widget-sow-editor-base\"\n\t\t\t\n\t\t>\n<div class=\"siteorigin-widget-tinymce textwidget\">\n\t<p><span style=\"font-size: 34px; color: #1b376f;\">F.A.Q.<\/span><br \/>\nAuf dieser Seite haben wir die h\u00e4ufigsten Fragen zusammengefasst \u2013 zusammen mit den entsprechenden Antworten, die helfen sollen, m\u00f6gliche Zweifel zu kl\u00e4ren.<br \/>\nWir hoffen, dass sie ausreichend informativ sind. Falls Sie jedoch weitere Informationen ben\u00f6tigen, steht Ihnen unser Team jederzeit gerne zur Verf\u00fcgung!<\/p>\n<\/div>\n<\/div><\/div><\/div><\/div><\/div><\/div><div id=\"pg-1084-1\"  class=\"panel-grid panel-has-style\" ><div style=\"padding: 100px 0; \" data-overlay=\"true\" data-overlay-color=\"#000000\" class=\"panel-row-style panel-row-style-for-1084-1\" ><div id=\"pgc-1084-1-0\"  class=\"panel-grid-cell\" ><div id=\"panel-1084-1-0-0\" class=\"so-panel widget widget_text panel-first-child panel-last-child\" data-index=\"1\" ><div style=\"text-align: left;\" data-title-color=\"#443f3f\" data-headings-color=\"#443f3f\" class=\"panel-widget-style panel-widget-style-for-1084-1-0-0\" >\t\t\t<div class=\"textwidget\"><style>#sp-ea-1292 .spcollapsing { height: 0; overflow: hidden; transition-property: height;transition-duration: 300ms;}#sp-ea-1292.sp-easy-accordion>.sp-ea-single {margin-bottom: 10px; border: 1px solid #e2e2e2; }#sp-ea-1292.sp-easy-accordion>.sp-ea-single>.ea-header a {color: #ffffff;}#sp-ea-1292.sp-easy-accordion>.sp-ea-single>.sp-collapse>.ea-body {background: #fff; color: #444;}#sp-ea-1292.sp-easy-accordion>.sp-ea-single {background: #4b839b;}#sp-ea-1292.sp-easy-accordion>.sp-ea-single>.ea-header a .ea-expand-icon { float: left; color: #ffffff;font-size: 16px;}<\/style><div id=\"sp_easy_accordion-1773825206\"><div id=\"sp-ea-1292\" class=\"sp-ea-one sp-easy-accordion\" data-ea-active=\"ea-click\" data-ea-mode=\"vertical\" data-preloader=\"\" data-scroll-active-item=\"\" data-offset-to-scroll=\"0\"><div class=\"ea-card sp-ea-single\"><h2 class=\"ea-header\"><a class=\"collapsed\" id=\"ea-header-12920\" role=\"button\" data-sptoggle=\"spcollapse\" data-sptarget=\"#collapse12920\" aria-controls=\"collapse12920\" href=\"#\" aria-expanded=\"false\" tabindex=\"0\"><i aria-hidden=\"true\" role=\"presentation\" class=\"ea-expand-icon eap-icon-ea-expand-plus\"><\/i> Wo befindet sich der Abfahrtshafen?<\/a><\/h2><div class=\"sp-collapse spcollapse spcollapse\" id=\"collapse12920\" data-parent=\"#sp-ea-1292\" role=\"region\" aria-labelledby=\"ea-header-12920\"> <div class=\"ea-body\"><p lang=\"en-US\">Der Hauptabfahrtshafen befindet sich in Villa di Gargnano, aber auf Anfrage k\u00f6nnen wir Sie in jedem Hafen des Sees abholen<\/p><\/div><\/div><\/div><div class=\"ea-card sp-ea-single\"><h2 class=\"ea-header\"><a class=\"collapsed\" id=\"ea-header-12921\" role=\"button\" data-sptoggle=\"spcollapse\" data-sptarget=\"#collapse12921\" aria-controls=\"collapse12921\" href=\"#\" aria-expanded=\"false\" tabindex=\"0\"><i aria-hidden=\"true\" role=\"presentation\" class=\"ea-expand-icon eap-icon-ea-expand-plus\"><\/i> Ist es m\u00f6glich, w\u00e4hrend der Tour Badestopps einzulegen?<\/a><\/h2><div class=\"sp-collapse spcollapse spcollapse\" id=\"collapse12921\" data-parent=\"#sp-ea-1292\" role=\"region\" aria-labelledby=\"ea-header-12921\"> <div class=\"ea-body\"><p lang=\"en-US\">Ja. Auf Wunsch legen wir gerne Badestopps ein.<\/p><\/div><\/div><\/div><div class=\"ea-card sp-ea-single\"><h2 class=\"ea-header\"><a class=\"collapsed\" id=\"ea-header-12922\" role=\"button\" data-sptoggle=\"spcollapse\" data-sptarget=\"#collapse12922\" aria-controls=\"collapse12922\" href=\"#\" aria-expanded=\"false\" tabindex=\"0\"><i aria-hidden=\"true\" role=\"presentation\" class=\"ea-expand-icon eap-icon-ea-expand-plus\"><\/i> K\u00f6nnen Sie uns zu einem Restaurant bringen und dort auf uns warten?<\/a><\/h2><div class=\"sp-collapse spcollapse spcollapse\" id=\"collapse12922\" data-parent=\"#sp-ea-1292\" role=\"region\" aria-labelledby=\"ea-header-12922\"> <div class=\"ea-body\"><p lang=\"en-US\">Ja, mit einer Vorank\u00fcndigung von 24 Stunden.<\/p><\/div><\/div><\/div><div class=\"ea-card sp-ea-single\"><h2 class=\"ea-header\"><a class=\"collapsed\" id=\"ea-header-12923\" role=\"button\" data-sptoggle=\"spcollapse\" data-sptarget=\"#collapse12923\" aria-controls=\"collapse12923\" href=\"#\" aria-expanded=\"false\" tabindex=\"0\"><i aria-hidden=\"true\" role=\"presentation\" class=\"ea-expand-icon eap-icon-ea-expand-plus\"><\/i> Gibt es Essen oder Getr\u00e4nke an Bord?<\/a><\/h2><div class=\"sp-collapse spcollapse spcollapse\" id=\"collapse12923\" data-parent=\"#sp-ea-1292\" role=\"region\" aria-labelledby=\"ea-header-12923\"> <div class=\"ea-body\"><p lang=\"en-US\">Ja, Wasser ist in den Geb\u00fchren enthalten.<br \/>Weitere Speisen oder Getr\u00e4nke m\u00fcssen mindestens 48 Stunden vor der Abfahrt angefragt werden (gegen Aufpreis).<\/p><\/div><\/div><\/div><div class=\"ea-card sp-ea-single\"><h2 class=\"ea-header\"><a class=\"collapsed\" id=\"ea-header-12924\" role=\"button\" data-sptoggle=\"spcollapse\" data-sptarget=\"#collapse12924\" aria-controls=\"collapse12924\" href=\"#\" aria-expanded=\"false\" tabindex=\"0\"><i aria-hidden=\"true\" role=\"presentation\" class=\"ea-expand-icon eap-icon-ea-expand-plus\"><\/i> Sind Badet\u00fccher an Bord verf\u00fcgbar?<\/a><\/h2><div class=\"sp-collapse spcollapse spcollapse\" id=\"collapse12924\" data-parent=\"#sp-ea-1292\" role=\"region\" aria-labelledby=\"ea-header-12924\"> <div class=\"ea-body\"><p lang=\"en-US\">Ja, Badet\u00fccher stehen Ihnen an Bord zur Verf\u00fcgung.<\/p><\/div><\/div><\/div><div class=\"ea-card sp-ea-single\"><h2 class=\"ea-header\"><a class=\"collapsed\" id=\"ea-header-12925\" role=\"button\" data-sptoggle=\"spcollapse\" data-sptarget=\"#collapse12925\" aria-controls=\"collapse12925\" href=\"#\" aria-expanded=\"false\" tabindex=\"0\"><i aria-hidden=\"true\" role=\"presentation\" class=\"ea-expand-icon eap-icon-ea-expand-plus\"><\/i> Bieten Sie auch n\u00e4chtliche Fahrten an?<\/a><\/h2><div class=\"sp-collapse spcollapse spcollapse\" id=\"collapse12925\" data-parent=\"#sp-ea-1292\" role=\"region\" aria-labelledby=\"ea-header-12925\"> <div class=\"ea-body\"><p><span lang=\"en-US\">Ja, auf Anfrage und mit einer Vorank\u00fcndigung von <\/span><span lang=\"en-US\"><b>48 Stunden<\/b><\/span><span lang=\"en-US\">.<\/span><\/p><\/div><\/div><\/div><div class=\"ea-card sp-ea-single\"><h2 class=\"ea-header\"><a class=\"collapsed\" id=\"ea-header-12926\" role=\"button\" data-sptoggle=\"spcollapse\" data-sptarget=\"#collapse12926\" aria-controls=\"collapse12926\" href=\"#\" aria-expanded=\"false\" tabindex=\"0\"><i aria-hidden=\"true\" role=\"presentation\" class=\"ea-expand-icon eap-icon-ea-expand-plus\"><\/i> Darf ich meinen Hund mit an Bord bringen?<\/a><\/h2><div class=\"sp-collapse spcollapse spcollapse\" id=\"collapse12926\" data-parent=\"#sp-ea-1292\" role=\"region\" aria-labelledby=\"ea-header-12926\"> <div class=\"ea-body\"><p><span lang=\"en-US\">Ja, kleine Hunde (bis max. 8<\/span><span style=\"font-family: Arial, sans-serif\"><span lang=\"en-US\">\u202f<\/span><\/span><span lang=\"en-US\">kg) sind an Bord willkommen.<\/span><\/p><\/div><\/div><\/div><div class=\"ea-card sp-ea-single\"><h2 class=\"ea-header\"><a class=\"collapsed\" id=\"ea-header-12927\" role=\"button\" data-sptoggle=\"spcollapse\" data-sptarget=\"#collapse12927\" aria-controls=\"collapse12927\" href=\"#\" aria-expanded=\"false\" tabindex=\"0\"><i aria-hidden=\"true\" role=\"presentation\" class=\"ea-expand-icon eap-icon-ea-expand-plus\"><\/i> Ist es m\u00f6glich, Rollst\u00fchle an Bord zu bringen?<\/a><\/h2><div class=\"sp-collapse spcollapse spcollapse\" id=\"collapse12927\" data-parent=\"#sp-ea-1292\" role=\"region\" aria-labelledby=\"ea-header-12927\"> <div class=\"ea-body\"><p lang=\"en-US\">Nein, wir verf\u00fcgen nicht \u00fcber die geeignete Ausr\u00fcstung, um Passagiere mit Rollst\u00fchle sicher an Bord zu nehmen.<\/p><\/div><\/div><\/div><div class=\"ea-card sp-ea-single\"><h2 class=\"ea-header\"><a class=\"collapsed\" id=\"ea-header-12928\" role=\"button\" data-sptoggle=\"spcollapse\" data-sptarget=\"#collapse12928\" aria-controls=\"collapse12928\" href=\"#\" aria-expanded=\"false\" tabindex=\"0\"><i aria-hidden=\"true\" role=\"presentation\" class=\"ea-expand-icon eap-icon-ea-expand-plus\"><\/i> Welche Zahlungsmethoden akzeptieren Sie vor Ort?<\/a><\/h2><div class=\"sp-collapse spcollapse spcollapse\" id=\"collapse12928\" data-parent=\"#sp-ea-1292\" role=\"region\" aria-labelledby=\"ea-header-12928\"> <div class=\"ea-body\"><p lang=\"en-US\">Wir akzeptieren Kreditkarten Visa und Mastercard sowie Barzahlung.<\/p><\/div><\/div><\/div><div class=\"ea-card sp-ea-single\"><h2 class=\"ea-header\"><a class=\"collapsed\" id=\"ea-header-12929\" role=\"button\" data-sptoggle=\"spcollapse\" data-sptarget=\"#collapse12929\" aria-controls=\"collapse12929\" href=\"#\" aria-expanded=\"false\" tabindex=\"0\"><i aria-hidden=\"true\" role=\"presentation\" class=\"ea-expand-icon eap-icon-ea-expand-plus\"><\/i> Welche Zahlungsmethoden akzeptieren Sie bei der Buchung?<\/a><\/h2><div class=\"sp-collapse spcollapse spcollapse\" id=\"collapse12929\" data-parent=\"#sp-ea-1292\" role=\"region\" aria-labelledby=\"ea-header-12929\"> <div class=\"ea-body\"><p lang=\"en-US\">Wir verlangen die vollst\u00e4ndige Vorauszahlung, die per Bank\u00fcberweisung erfolgen kann.<\/p><\/div><\/div><\/div><div class=\"ea-card sp-ea-single\"><h2 class=\"ea-header\"><a class=\"collapsed\" id=\"ea-header-129210\" role=\"button\" data-sptoggle=\"spcollapse\" data-sptarget=\"#collapse129210\" aria-controls=\"collapse129210\" href=\"#\" aria-expanded=\"false\" tabindex=\"0\"><i aria-hidden=\"true\" role=\"presentation\" class=\"ea-expand-icon eap-icon-ea-expand-plus\"><\/i> Wo kann ich in Villa di Gargnano parken?<\/a><\/h2><div class=\"sp-collapse spcollapse spcollapse\" id=\"collapse129210\" data-parent=\"#sp-ea-1292\" role=\"region\" aria-labelledby=\"ea-header-129210\"> <div class=\"ea-body\"><p>In Villa di Gargnano gibt es nur wenige Parkpl\u00e4tze. Sie k\u00f6nnen entlang der SS 45 bis und der Via della Libert\u00e0 in Richtung Gargnano parken, oder in Gargnano, etwa 800<span style=\"font-family: Arial, sans-serif\">\u202f<\/span>m vom Abfahrtspunkt entfernt.<\/p><\/div><\/div><\/div><div class=\"ea-card sp-ea-single\"><h2 class=\"ea-header\"><a class=\"collapsed\" id=\"ea-header-129211\" role=\"button\" data-sptoggle=\"spcollapse\" data-sptarget=\"#collapse129211\" aria-controls=\"collapse129211\" href=\"#\" aria-expanded=\"false\" tabindex=\"0\"><i aria-hidden=\"true\" role=\"presentation\" class=\"ea-expand-icon eap-icon-ea-expand-plus\"><\/i> Was passiert, wenn das Wetter schlecht ist oder die Bedingungen auf dem See nicht sicher sind?<\/a><\/h2><div class=\"sp-collapse spcollapse spcollapse\" id=\"collapse129211\" data-parent=\"#sp-ea-1292\" role=\"region\" aria-labelledby=\"ea-header-129211\"> <div class=\"ea-body\"><p lang=\"en-US\">Nach Ermessen des Vermieters oder der Beh\u00f6rden wird die Ausfahrt abgesagt. In diesem Fall bieten wir die M\u00f6glichkeit, den Termin umzubuchen.<\/p><\/div><\/div><\/div><\/div><\/div>\n<\/div>\n\t\t<\/div><\/div><\/div><\/div><\/div><\/div>","protected":false},"excerpt":{"rendered":"<p>F.A.Q. Auf dieser Seite haben wir die h\u00e4ufigsten Fragen zusammengefasst \u2013 zusammen mit den entsprechenden Antworten, die helfen sollen, m\u00f6gliche Zweifel zu kl\u00e4ren. Wir hoffen, dass sie ausreichend informativ sind. Falls Sie jedoch weitere Informationen ben\u00f6tigen, steht Ihnen unser Team jederzeit gerne zur Verf\u00fcgung!<\/p>\n","protected":false},"author":1,"featured_media":0,"parent":0,"menu_order":0,"comment_status":"closed","ping_status":"closed","template":"page-templates\/page_fullwidth.php","meta":{"inline_featured_image":false,"ngg_post_thumbnail":0,"footnotes":""},"class_list":["post-1084","page","type-page","status-publish","hentry"],"yoast_head":"<!-- This site is optimized with the Yoast SEO plugin v27.3 - https:\/\/yoast.com\/product\/yoast-seo-wordpress\/ -->\n<title>F.A.Q. - Visit Lake Garda by boat Tedesco<\/title>\n<meta name=\"robots\" content=\"index, follow, max-snippet:-1, max-image-preview:large, max-video-preview:-1\" \/>\n<link rel=\"canonical\" href=\"https:\/\/www.visitlakegardabyboat.com\/deu\/f-a-q-deu\/\" \/>\n<meta property=\"og:locale\" content=\"it_IT\" \/>\n<meta property=\"og:type\" content=\"article\" \/>\n<meta property=\"og:title\" content=\"F.A.Q. - Visit Lake Garda by boat Tedesco\" \/>\n<meta property=\"og:description\" content=\"F.A.Q. Auf dieser Seite haben wir die h\u00e4ufigsten Fragen zusammengefasst \u2013 zusammen mit den entsprechenden Antworten, die helfen sollen, m\u00f6gliche Zweifel zu kl\u00e4ren. Wir hoffen, dass sie ausreichend informativ sind. Falls Sie jedoch weitere Informationen ben\u00f6tigen, steht Ihnen unser Team jederzeit gerne zur Verf\u00fcgung!\" \/>\n<meta property=\"og:url\" content=\"https:\/\/www.visitlakegardabyboat.com\/deu\/f-a-q-deu\/\" \/>\n<meta property=\"og:site_name\" content=\"Visit Lake Garda by boat Tedesco\" \/>\n<meta property=\"article:modified_time\" content=\"2026-04-11T07:14:11+00:00\" \/>\n<meta name=\"twitter:card\" content=\"summary_large_image\" \/>\n<meta name=\"twitter:label1\" content=\"Tempo di lettura stimato\" \/>\n\t<meta name=\"twitter:data1\" content=\"2 minuti\" \/>\n<script type=\"application\/ld+json\" class=\"yoast-schema-graph\">{\"@context\":\"https:\\\/\\\/schema.org\",\"@graph\":[{\"@type\":\"WebPage\",\"@id\":\"https:\\\/\\\/www.visitlakegardabyboat.com\\\/deu\\\/f-a-q-deu\\\/\",\"url\":\"https:\\\/\\\/www.visitlakegardabyboat.com\\\/deu\\\/f-a-q-deu\\\/\",\"name\":\"F.A.Q. - Visit Lake Garda by boat Tedesco\",\"isPartOf\":{\"@id\":\"https:\\\/\\\/www.visitlakegardabyboat.com\\\/deu\\\/#website\"},\"datePublished\":\"2026-03-18T12:23:33+00:00\",\"dateModified\":\"2026-04-11T07:14:11+00:00\",\"breadcrumb\":{\"@id\":\"https:\\\/\\\/www.visitlakegardabyboat.com\\\/deu\\\/f-a-q-deu\\\/#breadcrumb\"},\"inLanguage\":\"it-IT\",\"potentialAction\":[{\"@type\":\"ReadAction\",\"target\":[\"https:\\\/\\\/www.visitlakegardabyboat.com\\\/deu\\\/f-a-q-deu\\\/\"]}]},{\"@type\":\"BreadcrumbList\",\"@id\":\"https:\\\/\\\/www.visitlakegardabyboat.com\\\/deu\\\/f-a-q-deu\\\/#breadcrumb\",\"itemListElement\":[{\"@type\":\"ListItem\",\"position\":1,\"name\":\"Home\",\"item\":\"https:\\\/\\\/www.visitlakegardabyboat.com\\\/deu\\\/\"},{\"@type\":\"ListItem\",\"position\":2,\"name\":\"F.A.Q.\"}]},{\"@type\":\"WebSite\",\"@id\":\"https:\\\/\\\/www.visitlakegardabyboat.com\\\/deu\\\/#website\",\"url\":\"https:\\\/\\\/www.visitlakegardabyboat.com\\\/deu\\\/\",\"name\":\"Visit Lake Garda by boat\",\"description\":\"\",\"publisher\":{\"@id\":\"https:\\\/\\\/www.visitlakegardabyboat.com\\\/deu\\\/#organization\"},\"potentialAction\":[{\"@type\":\"SearchAction\",\"target\":{\"@type\":\"EntryPoint\",\"urlTemplate\":\"https:\\\/\\\/www.visitlakegardabyboat.com\\\/deu\\\/?s={search_term_string}\"},\"query-input\":{\"@type\":\"PropertyValueSpecification\",\"valueRequired\":true,\"valueName\":\"search_term_string\"}}],\"inLanguage\":\"it-IT\"},{\"@type\":\"Organization\",\"@id\":\"https:\\\/\\\/www.visitlakegardabyboat.com\\\/deu\\\/#organization\",\"name\":\"Visit Lake Garda by boat\",\"url\":\"https:\\\/\\\/www.visitlakegardabyboat.com\\\/deu\\\/\",\"logo\":{\"@type\":\"ImageObject\",\"inLanguage\":\"it-IT\",\"@id\":\"https:\\\/\\\/www.visitlakegardabyboat.com\\\/deu\\\/#\\\/schema\\\/logo\\\/image\\\/\",\"url\":\"https:\\\/\\\/www.visitlakegardabyboat.com\\\/deu\\\/wp-content\\\/uploads\\\/sites\\\/11\\\/2025\\\/11\\\/visitgardalakebyboat.jpg\",\"contentUrl\":\"https:\\\/\\\/www.visitlakegardabyboat.com\\\/deu\\\/wp-content\\\/uploads\\\/sites\\\/11\\\/2025\\\/11\\\/visitgardalakebyboat.jpg\",\"width\":450,\"height\":419,\"caption\":\"Visit Lake Garda by boat\"},\"image\":{\"@id\":\"https:\\\/\\\/www.visitlakegardabyboat.com\\\/deu\\\/#\\\/schema\\\/logo\\\/image\\\/\"}}]}<\/script>\n<!-- \/ Yoast SEO plugin. -->","yoast_head_json":{"title":"F.A.Q. - Visit Lake Garda by boat Tedesco","robots":{"index":"index","follow":"follow","max-snippet":"max-snippet:-1","max-image-preview":"max-image-preview:large","max-video-preview":"max-video-preview:-1"},"canonical":"https:\/\/www.visitlakegardabyboat.com\/deu\/f-a-q-deu\/","og_locale":"it_IT","og_type":"article","og_title":"F.A.Q. - Visit Lake Garda by boat Tedesco","og_description":"F.A.Q. Auf dieser Seite haben wir die h\u00e4ufigsten Fragen zusammengefasst \u2013 zusammen mit den entsprechenden Antworten, die helfen sollen, m\u00f6gliche Zweifel zu kl\u00e4ren. Wir hoffen, dass sie ausreichend informativ sind. Falls Sie jedoch weitere Informationen ben\u00f6tigen, steht Ihnen unser Team jederzeit gerne zur Verf\u00fcgung!","og_url":"https:\/\/www.visitlakegardabyboat.com\/deu\/f-a-q-deu\/","og_site_name":"Visit Lake Garda by boat Tedesco","article_modified_time":"2026-04-11T07:14:11+00:00","twitter_card":"summary_large_image","twitter_misc":{"Tempo di lettura stimato":"2 minuti"},"schema":{"@context":"https:\/\/schema.org","@graph":[{"@type":"WebPage","@id":"https:\/\/www.visitlakegardabyboat.com\/deu\/f-a-q-deu\/","url":"https:\/\/www.visitlakegardabyboat.com\/deu\/f-a-q-deu\/","name":"F.A.Q. - Visit Lake Garda by boat Tedesco","isPartOf":{"@id":"https:\/\/www.visitlakegardabyboat.com\/deu\/#website"},"datePublished":"2026-03-18T12:23:33+00:00","dateModified":"2026-04-11T07:14:11+00:00","breadcrumb":{"@id":"https:\/\/www.visitlakegardabyboat.com\/deu\/f-a-q-deu\/#breadcrumb"},"inLanguage":"it-IT","potentialAction":[{"@type":"ReadAction","target":["https:\/\/www.visitlakegardabyboat.com\/deu\/f-a-q-deu\/"]}]},{"@type":"BreadcrumbList","@id":"https:\/\/www.visitlakegardabyboat.com\/deu\/f-a-q-deu\/#breadcrumb","itemListElement":[{"@type":"ListItem","position":1,"name":"Home","item":"https:\/\/www.visitlakegardabyboat.com\/deu\/"},{"@type":"ListItem","position":2,"name":"F.A.Q."}]},{"@type":"WebSite","@id":"https:\/\/www.visitlakegardabyboat.com\/deu\/#website","url":"https:\/\/www.visitlakegardabyboat.com\/deu\/","name":"Visit Lake Garda by boat","description":"","publisher":{"@id":"https:\/\/www.visitlakegardabyboat.com\/deu\/#organization"},"potentialAction":[{"@type":"SearchAction","target":{"@type":"EntryPoint","urlTemplate":"https:\/\/www.visitlakegardabyboat.com\/deu\/?s={search_term_string}"},"query-input":{"@type":"PropertyValueSpecification","valueRequired":true,"valueName":"search_term_string"}}],"inLanguage":"it-IT"},{"@type":"Organization","@id":"https:\/\/www.visitlakegardabyboat.com\/deu\/#organization","name":"Visit Lake Garda by boat","url":"https:\/\/www.visitlakegardabyboat.com\/deu\/","logo":{"@type":"ImageObject","inLanguage":"it-IT","@id":"https:\/\/www.visitlakegardabyboat.com\/deu\/#\/schema\/logo\/image\/","url":"https:\/\/www.visitlakegardabyboat.com\/deu\/wp-content\/uploads\/sites\/11\/2025\/11\/visitgardalakebyboat.jpg","contentUrl":"https:\/\/www.visitlakegardabyboat.com\/deu\/wp-content\/uploads\/sites\/11\/2025\/11\/visitgardalakebyboat.jpg","width":450,"height":419,"caption":"Visit Lake Garda by boat"},"image":{"@id":"https:\/\/www.visitlakegardabyboat.com\/deu\/#\/schema\/logo\/image\/"}}]}},"_links":{"self":[{"href":"https:\/\/www.visitlakegardabyboat.com\/deu\/wp-json\/wp\/v2\/pages\/1084","targetHints":{"allow":["GET"]}}],"collection":[{"href":"https:\/\/www.visitlakegardabyboat.com\/deu\/wp-json\/wp\/v2\/pages"}],"about":[{"href":"https:\/\/www.visitlakegardabyboat.com\/deu\/wp-json\/wp\/v2\/types\/page"}],"author":[{"embeddable":true,"href":"https:\/\/www.visitlakegardabyboat.com\/deu\/wp-json\/wp\/v2\/users\/1"}],"replies":[{"embeddable":true,"href":"https:\/\/www.visitlakegardabyboat.com\/deu\/wp-json\/wp\/v2\/comments?post=1084"}],"version-history":[{"count":6,"href":"https:\/\/www.visitlakegardabyboat.com\/deu\/wp-json\/wp\/v2\/pages\/1084\/revisions"}],"predecessor-version":[{"id":1270,"href":"https:\/\/www.visitlakegardabyboat.com\/deu\/wp-json\/wp\/v2\/pages\/1084\/revisions\/1270"}],"wp:attachment":[{"href":"https:\/\/www.visitlakegardabyboat.com\/deu\/wp-json\/wp\/v2\/media?parent=1084"}],"curies":[{"name":"wp","href":"https:\/\/api.w.org\/{rel}","templated":true}]}}