{"id":1054,"date":"2025-12-17T12:36:44","date_gmt":"2025-12-17T11:36:44","guid":{"rendered":"https:\/\/www.visitlakegardabyboat.com\/deu\/?page_id=1054"},"modified":"2026-04-09T10:29:12","modified_gmt":"2026-04-09T08:29:12","slug":"der-tourismus-am-gardasee-im-laufe-der-geschichte","status":"publish","type":"page","link":"https:\/\/www.visitlakegardabyboat.com\/deu\/der-tourismus-am-gardasee-im-laufe-der-geschichte\/","title":{"rendered":"DER TOURISMUS AM GARDASEE IM LAUFE DER GESCHICHTE"},"content":{"rendered":"<div id=\"pl-1054\"  class=\"panel-layout\" ><div id=\"pg-1054-0\"  class=\"panel-grid panel-has-style\" ><div style=\"padding: 0px 0; \" data-overlay=\"true\" data-overlay-color=\"#000000\" class=\"panel-row-style panel-row-style-for-1054-0\" ><div id=\"pgc-1054-0-0\"  class=\"panel-grid-cell\" ><div id=\"panel-1054-0-0-0\" class=\"so-panel widget widget_sow-editor panel-first-child panel-last-child\" data-index=\"0\" ><div style=\"text-align: left;\" data-title-color=\"#443f3f\" data-headings-color=\"#443f3f\" class=\"panel-widget-style panel-widget-style-for-1054-0-0-0\" ><div\n\t\t\t\n\t\t\tclass=\"so-widget-sow-editor so-widget-sow-editor-base\"\n\t\t\t\n\t\t>\n<div class=\"siteorigin-widget-tinymce textwidget\">\n\t<p><span style=\"font-size: 34px; color: #1b376f;\">DER TOURISMUS AM GARDASEE IM LAUFE DER GESCHICHTE <\/span><\/p>\n<p><span style=\"color: #1d5191;\"><i>\u00ab&nbsp;<\/i><i>Fluctibus<\/i><i> et <\/i><i>fremitu<\/i> <i>assurgens<\/i><i>, Benace, <\/i><i>marino<\/i><i>&nbsp;\u00bb&nbsp; (<\/i><i>cit.Virgilio<\/i><i>)&nbsp;&nbsp; <\/i><\/span><\/p>\n<\/div>\n<\/div><\/div><\/div><\/div><\/div><\/div><div id=\"pg-1054-1\"  class=\"panel-grid panel-has-style\" ><div style=\"padding: 100px 0; \" data-overlay=\"true\" data-overlay-color=\"#000000\" class=\"panel-row-style panel-row-style-for-1054-1\" ><div id=\"pgc-1054-1-0\"  class=\"panel-grid-cell\" ><div id=\"panel-1054-1-0-0\" class=\"so-panel widget widget_text panel-first-child panel-last-child\" data-index=\"1\" ><div style=\"text-align: left;\" data-title-color=\"#443f3f\" data-headings-color=\"#443f3f\" class=\"panel-widget-style panel-widget-style-for-1054-1-0-0\" >\t\t\t<div class=\"textwidget\"><p>Die Geschichte des Tourismus am Gardasee reicht bis in die R\u00f6merzeit zur\u00fcck, als die Region von der r\u00f6mischen Elite wegen ihrer Thermalquellen und ihrer Erholungsorte gesch\u00e4tzt wurde.<\/p>\n<p>Sp\u00e4ter, w\u00e4hrend der Renaissance, wurde der See zu einem sommerlichen R\u00fcckzugsort f\u00fcr den europ\u00e4ischen Adel, der entlang seiner Ufer elegante Villen und Schl\u00f6sser errichtete.<\/p>\n<p>Im 19. Jahrhundert zog der Gardasee zahlreiche K\u00fcnstler an, die von seiner nat\u00fcrlichen Sch\u00f6nheit fasziniert waren.<\/p>\n<p>Nach dem Zweiten Weltkrieg entwickelte sich der Gardasee zu dem renommierten Reiseziel, das wir heute kennen \u2013 f\u00e4hig, Besucher aus aller Welt dank seines au\u00dfergew\u00f6hnlichen nat\u00fcrlichen Charmes anzuziehen.<\/p>\n<\/div>\n\t\t<\/div><\/div><\/div><\/div><\/div><div id=\"pg-1054-2\"  class=\"panel-grid panel-has-style\" ><div style=\"padding: -150px 0; \" data-overlay=\"true\" data-overlay-color=\"#000000\" class=\"panel-row-style panel-row-style-for-1054-2\" ><div id=\"pgc-1054-2-0\"  class=\"panel-grid-cell\" ><div id=\"panel-1054-2-0-0\" class=\"so-panel widget widget_sow-editor panel-first-child panel-last-child\" data-index=\"2\" ><div style=\"text-align: left;\" data-title-color=\"#443f3f\" data-headings-color=\"#443f3f\" class=\"panel-widget-style panel-widget-style-for-1054-2-0-0\" ><div\n\t\t\t\n\t\t\tclass=\"so-widget-sow-editor so-widget-sow-editor-base\"\n\t\t\t\n\t\t>\n<div class=\"siteorigin-widget-tinymce textwidget\">\n\t<p><img loading=\"lazy\" decoding=\"async\" class=\"alignnone wp-image-1055 size-full\" src=\"https:\/\/www.visitlakegardabyboat.com\/deu\/wp-content\/uploads\/sites\/11\/2025\/12\/img-internahhistory1.jpg\" alt=\"\" width=\"296\" height=\"448\" srcset=\"https:\/\/www.visitlakegardabyboat.com\/deu\/wp-content\/uploads\/sites\/11\/2025\/12\/img-internahhistory1.jpg 296w, https:\/\/www.visitlakegardabyboat.com\/deu\/wp-content\/uploads\/sites\/11\/2025\/12\/img-internahhistory1-198x300.jpg 198w, https:\/\/www.visitlakegardabyboat.com\/deu\/wp-content\/uploads\/sites\/11\/2025\/12\/img-internahhistory1-230x348.jpg 230w\" sizes=\"auto, (max-width: 296px) 100vw, 296px\" \/><\/p>\n<\/div>\n<\/div><\/div><\/div><\/div><div id=\"pgc-1054-2-1\"  class=\"panel-grid-cell\" ><div id=\"panel-1054-2-1-0\" class=\"so-panel widget widget_sow-editor panel-first-child panel-last-child\" data-index=\"3\" ><div style=\"text-align: left;\" data-title-color=\"#443f3f\" data-headings-color=\"#443f3f\" class=\"panel-widget-style panel-widget-style-for-1054-2-1-0\" ><div\n\t\t\t\n\t\t\tclass=\"so-widget-sow-editor so-widget-sow-editor-base\"\n\t\t\t\n\t\t>\n<div class=\"siteorigin-widget-tinymce textwidget\">\n\t<p>&nbsp;<\/p>\n<p>&nbsp;<\/p>\n<p>&nbsp;<\/p>\n<p><img loading=\"lazy\" decoding=\"async\" class=\"alignnone wp-image-1056 size-full\" src=\"https:\/\/www.visitlakegardabyboat.com\/deu\/wp-content\/uploads\/sites\/11\/2025\/12\/img-internahhistory3.jpg\" alt=\"\" width=\"418\" height=\"231\" srcset=\"https:\/\/www.visitlakegardabyboat.com\/deu\/wp-content\/uploads\/sites\/11\/2025\/12\/img-internahhistory3.jpg 418w, https:\/\/www.visitlakegardabyboat.com\/deu\/wp-content\/uploads\/sites\/11\/2025\/12\/img-internahhistory3-300x166.jpg 300w, https:\/\/www.visitlakegardabyboat.com\/deu\/wp-content\/uploads\/sites\/11\/2025\/12\/img-internahhistory3-230x127.jpg 230w, https:\/\/www.visitlakegardabyboat.com\/deu\/wp-content\/uploads\/sites\/11\/2025\/12\/img-internahhistory3-350x193.jpg 350w\" sizes=\"auto, (max-width: 418px) 100vw, 418px\" \/><\/p>\n<p>&nbsp;<\/p>\n<\/div>\n<\/div><\/div><\/div><\/div><div id=\"pgc-1054-2-2\"  class=\"panel-grid-cell\" ><div id=\"panel-1054-2-2-0\" class=\"so-panel widget widget_sow-editor panel-first-child panel-last-child\" data-index=\"4\" ><div style=\"text-align: left;\" data-title-color=\"#443f3f\" data-headings-color=\"#443f3f\" class=\"panel-widget-style panel-widget-style-for-1054-2-2-0\" ><div\n\t\t\t\n\t\t\tclass=\"so-widget-sow-editor so-widget-sow-editor-base\"\n\t\t\t\n\t\t>\n<div class=\"siteorigin-widget-tinymce textwidget\">\n\t<p><img loading=\"lazy\" decoding=\"async\" class=\"wp-image-1060 size-full alignright\" src=\"https:\/\/www.visitlakegardabyboat.com\/deu\/wp-content\/uploads\/sites\/11\/2025\/12\/img-internahhistory2.jpg\" alt=\"\" width=\"302\" height=\"448\" srcset=\"https:\/\/www.visitlakegardabyboat.com\/deu\/wp-content\/uploads\/sites\/11\/2025\/12\/img-internahhistory2.jpg 302w, https:\/\/www.visitlakegardabyboat.com\/deu\/wp-content\/uploads\/sites\/11\/2025\/12\/img-internahhistory2-202x300.jpg 202w, https:\/\/www.visitlakegardabyboat.com\/deu\/wp-content\/uploads\/sites\/11\/2025\/12\/img-internahhistory2-230x341.jpg 230w\" sizes=\"auto, (max-width: 302px) 100vw, 302px\" \/><\/p>\n<\/div>\n<\/div><\/div><\/div><\/div><\/div><\/div><\/div>","protected":false},"excerpt":{"rendered":"<p>DER TOURISMUS AM GARDASEE IM LAUFE DER GESCHICHTE \u00ab&nbsp;Fluctibus et fremitu assurgens, Benace, marino&nbsp;\u00bb&nbsp; (cit.Virgilio)&nbsp;&nbsp; Die Geschichte des Tourismus am Gardasee reicht bis in die R\u00f6merzeit zur\u00fcck, als die Region von der r\u00f6mischen Elite wegen ihrer Thermalquellen und ihrer Erholungsorte gesch\u00e4tzt wurde. Sp\u00e4ter, w\u00e4hrend der Renaissance, wurde der See zu einem sommerlichen R\u00fcckzugsort f\u00fcr den [&hellip;]<\/p>\n","protected":false},"author":1,"featured_media":0,"parent":0,"menu_order":0,"comment_status":"closed","ping_status":"closed","template":"page-templates\/page_fullwidth.php","meta":{"inline_featured_image":false,"ngg_post_thumbnail":0,"footnotes":""},"class_list":["post-1054","page","type-page","status-publish","hentry"],"yoast_head":"<!-- This site is optimized with the Yoast SEO plugin v27.3 - https:\/\/yoast.com\/product\/yoast-seo-wordpress\/ -->\n<title>DER TOURISMUS AM GARDASEE IM LAUFE DER GESCHICHTE - Visit Lake Garda by boat Tedesco<\/title>\n<meta name=\"robots\" content=\"index, follow, max-snippet:-1, max-image-preview:large, max-video-preview:-1\" \/>\n<link rel=\"canonical\" href=\"https:\/\/www.visitlakegardabyboat.com\/deu\/der-tourismus-am-gardasee-im-laufe-der-geschichte\/\" \/>\n<meta property=\"og:locale\" content=\"it_IT\" \/>\n<meta property=\"og:type\" content=\"article\" \/>\n<meta property=\"og:title\" content=\"DER TOURISMUS AM GARDASEE IM LAUFE DER GESCHICHTE - Visit Lake Garda by boat Tedesco\" \/>\n<meta property=\"og:description\" content=\"DER TOURISMUS AM GARDASEE IM LAUFE DER GESCHICHTE \u00ab&nbsp;Fluctibus et fremitu assurgens, Benace, marino&nbsp;\u00bb&nbsp; (cit.Virgilio)&nbsp;&nbsp; Die Geschichte des Tourismus am Gardasee reicht bis in die R\u00f6merzeit zur\u00fcck, als die Region von der r\u00f6mischen Elite wegen ihrer Thermalquellen und ihrer Erholungsorte gesch\u00e4tzt wurde. Sp\u00e4ter, w\u00e4hrend der Renaissance, wurde der See zu einem sommerlichen R\u00fcckzugsort f\u00fcr den [&hellip;]\" \/>\n<meta property=\"og:url\" content=\"https:\/\/www.visitlakegardabyboat.com\/deu\/der-tourismus-am-gardasee-im-laufe-der-geschichte\/\" \/>\n<meta property=\"og:site_name\" content=\"Visit Lake Garda by boat Tedesco\" \/>\n<meta property=\"article:modified_time\" content=\"2026-04-09T08:29:12+00:00\" \/>\n<meta property=\"og:image\" content=\"https:\/\/www.visitlakegardabyboat.com\/deu\/wp-content\/uploads\/sites\/11\/2025\/12\/img-internahhistory1.jpg\" \/>\n\t<meta property=\"og:image:width\" content=\"296\" \/>\n\t<meta property=\"og:image:height\" content=\"448\" \/>\n\t<meta property=\"og:image:type\" content=\"image\/jpeg\" \/>\n<meta name=\"twitter:card\" content=\"summary_large_image\" \/>\n<meta name=\"twitter:label1\" content=\"Tempo di lettura stimato\" \/>\n\t<meta name=\"twitter:data1\" content=\"2 minuti\" \/>\n<script type=\"application\/ld+json\" class=\"yoast-schema-graph\">{\"@context\":\"https:\\\/\\\/schema.org\",\"@graph\":[{\"@type\":\"WebPage\",\"@id\":\"https:\\\/\\\/www.visitlakegardabyboat.com\\\/deu\\\/der-tourismus-am-gardasee-im-laufe-der-geschichte\\\/\",\"url\":\"https:\\\/\\\/www.visitlakegardabyboat.com\\\/deu\\\/der-tourismus-am-gardasee-im-laufe-der-geschichte\\\/\",\"name\":\"DER TOURISMUS AM GARDASEE IM LAUFE DER GESCHICHTE - Visit Lake Garda by boat Tedesco\",\"isPartOf\":{\"@id\":\"https:\\\/\\\/www.visitlakegardabyboat.com\\\/deu\\\/#website\"},\"primaryImageOfPage\":{\"@id\":\"https:\\\/\\\/www.visitlakegardabyboat.com\\\/deu\\\/der-tourismus-am-gardasee-im-laufe-der-geschichte\\\/#primaryimage\"},\"image\":{\"@id\":\"https:\\\/\\\/www.visitlakegardabyboat.com\\\/deu\\\/der-tourismus-am-gardasee-im-laufe-der-geschichte\\\/#primaryimage\"},\"thumbnailUrl\":\"https:\\\/\\\/www.visitlakegardabyboat.com\\\/deu\\\/wp-content\\\/uploads\\\/sites\\\/11\\\/2025\\\/12\\\/img-internahhistory1.jpg\",\"datePublished\":\"2025-12-17T11:36:44+00:00\",\"dateModified\":\"2026-04-09T08:29:12+00:00\",\"breadcrumb\":{\"@id\":\"https:\\\/\\\/www.visitlakegardabyboat.com\\\/deu\\\/der-tourismus-am-gardasee-im-laufe-der-geschichte\\\/#breadcrumb\"},\"inLanguage\":\"it-IT\",\"potentialAction\":[{\"@type\":\"ReadAction\",\"target\":[\"https:\\\/\\\/www.visitlakegardabyboat.com\\\/deu\\\/der-tourismus-am-gardasee-im-laufe-der-geschichte\\\/\"]}]},{\"@type\":\"ImageObject\",\"inLanguage\":\"it-IT\",\"@id\":\"https:\\\/\\\/www.visitlakegardabyboat.com\\\/deu\\\/der-tourismus-am-gardasee-im-laufe-der-geschichte\\\/#primaryimage\",\"url\":\"https:\\\/\\\/www.visitlakegardabyboat.com\\\/deu\\\/wp-content\\\/uploads\\\/sites\\\/11\\\/2025\\\/12\\\/img-internahhistory1.jpg\",\"contentUrl\":\"https:\\\/\\\/www.visitlakegardabyboat.com\\\/deu\\\/wp-content\\\/uploads\\\/sites\\\/11\\\/2025\\\/12\\\/img-internahhistory1.jpg\",\"width\":296,\"height\":448},{\"@type\":\"BreadcrumbList\",\"@id\":\"https:\\\/\\\/www.visitlakegardabyboat.com\\\/deu\\\/der-tourismus-am-gardasee-im-laufe-der-geschichte\\\/#breadcrumb\",\"itemListElement\":[{\"@type\":\"ListItem\",\"position\":1,\"name\":\"Home\",\"item\":\"https:\\\/\\\/www.visitlakegardabyboat.com\\\/deu\\\/\"},{\"@type\":\"ListItem\",\"position\":2,\"name\":\"DER TOURISMUS AM GARDASEE IM LAUFE DER GESCHICHTE\"}]},{\"@type\":\"WebSite\",\"@id\":\"https:\\\/\\\/www.visitlakegardabyboat.com\\\/deu\\\/#website\",\"url\":\"https:\\\/\\\/www.visitlakegardabyboat.com\\\/deu\\\/\",\"name\":\"Visit Lake Garda by boat\",\"description\":\"\",\"publisher\":{\"@id\":\"https:\\\/\\\/www.visitlakegardabyboat.com\\\/deu\\\/#organization\"},\"potentialAction\":[{\"@type\":\"SearchAction\",\"target\":{\"@type\":\"EntryPoint\",\"urlTemplate\":\"https:\\\/\\\/www.visitlakegardabyboat.com\\\/deu\\\/?s={search_term_string}\"},\"query-input\":{\"@type\":\"PropertyValueSpecification\",\"valueRequired\":true,\"valueName\":\"search_term_string\"}}],\"inLanguage\":\"it-IT\"},{\"@type\":\"Organization\",\"@id\":\"https:\\\/\\\/www.visitlakegardabyboat.com\\\/deu\\\/#organization\",\"name\":\"Visit Lake Garda by boat\",\"url\":\"https:\\\/\\\/www.visitlakegardabyboat.com\\\/deu\\\/\",\"logo\":{\"@type\":\"ImageObject\",\"inLanguage\":\"it-IT\",\"@id\":\"https:\\\/\\\/www.visitlakegardabyboat.com\\\/deu\\\/#\\\/schema\\\/logo\\\/image\\\/\",\"url\":\"https:\\\/\\\/www.visitlakegardabyboat.com\\\/deu\\\/wp-content\\\/uploads\\\/sites\\\/11\\\/2025\\\/11\\\/visitgardalakebyboat.jpg\",\"contentUrl\":\"https:\\\/\\\/www.visitlakegardabyboat.com\\\/deu\\\/wp-content\\\/uploads\\\/sites\\\/11\\\/2025\\\/11\\\/visitgardalakebyboat.jpg\",\"width\":450,\"height\":419,\"caption\":\"Visit Lake Garda by boat\"},\"image\":{\"@id\":\"https:\\\/\\\/www.visitlakegardabyboat.com\\\/deu\\\/#\\\/schema\\\/logo\\\/image\\\/\"}}]}<\/script>\n<!-- \/ Yoast SEO plugin. -->","yoast_head_json":{"title":"DER TOURISMUS AM GARDASEE IM LAUFE DER GESCHICHTE - Visit Lake Garda by boat Tedesco","robots":{"index":"index","follow":"follow","max-snippet":"max-snippet:-1","max-image-preview":"max-image-preview:large","max-video-preview":"max-video-preview:-1"},"canonical":"https:\/\/www.visitlakegardabyboat.com\/deu\/der-tourismus-am-gardasee-im-laufe-der-geschichte\/","og_locale":"it_IT","og_type":"article","og_title":"DER TOURISMUS AM GARDASEE IM LAUFE DER GESCHICHTE - Visit Lake Garda by boat Tedesco","og_description":"DER TOURISMUS AM GARDASEE IM LAUFE DER GESCHICHTE \u00ab&nbsp;Fluctibus et fremitu assurgens, Benace, marino&nbsp;\u00bb&nbsp; (cit.Virgilio)&nbsp;&nbsp; Die Geschichte des Tourismus am Gardasee reicht bis in die R\u00f6merzeit zur\u00fcck, als die Region von der r\u00f6mischen Elite wegen ihrer Thermalquellen und ihrer Erholungsorte gesch\u00e4tzt wurde. Sp\u00e4ter, w\u00e4hrend der Renaissance, wurde der See zu einem sommerlichen R\u00fcckzugsort f\u00fcr den [&hellip;]","og_url":"https:\/\/www.visitlakegardabyboat.com\/deu\/der-tourismus-am-gardasee-im-laufe-der-geschichte\/","og_site_name":"Visit Lake Garda by boat Tedesco","article_modified_time":"2026-04-09T08:29:12+00:00","og_image":[{"width":296,"height":448,"url":"https:\/\/www.visitlakegardabyboat.com\/deu\/wp-content\/uploads\/sites\/11\/2025\/12\/img-internahhistory1.jpg","type":"image\/jpeg"}],"twitter_card":"summary_large_image","twitter_misc":{"Tempo di lettura stimato":"2 minuti"},"schema":{"@context":"https:\/\/schema.org","@graph":[{"@type":"WebPage","@id":"https:\/\/www.visitlakegardabyboat.com\/deu\/der-tourismus-am-gardasee-im-laufe-der-geschichte\/","url":"https:\/\/www.visitlakegardabyboat.com\/deu\/der-tourismus-am-gardasee-im-laufe-der-geschichte\/","name":"DER TOURISMUS AM GARDASEE IM LAUFE DER GESCHICHTE - Visit Lake Garda by boat Tedesco","isPartOf":{"@id":"https:\/\/www.visitlakegardabyboat.com\/deu\/#website"},"primaryImageOfPage":{"@id":"https:\/\/www.visitlakegardabyboat.com\/deu\/der-tourismus-am-gardasee-im-laufe-der-geschichte\/#primaryimage"},"image":{"@id":"https:\/\/www.visitlakegardabyboat.com\/deu\/der-tourismus-am-gardasee-im-laufe-der-geschichte\/#primaryimage"},"thumbnailUrl":"https:\/\/www.visitlakegardabyboat.com\/deu\/wp-content\/uploads\/sites\/11\/2025\/12\/img-internahhistory1.jpg","datePublished":"2025-12-17T11:36:44+00:00","dateModified":"2026-04-09T08:29:12+00:00","breadcrumb":{"@id":"https:\/\/www.visitlakegardabyboat.com\/deu\/der-tourismus-am-gardasee-im-laufe-der-geschichte\/#breadcrumb"},"inLanguage":"it-IT","potentialAction":[{"@type":"ReadAction","target":["https:\/\/www.visitlakegardabyboat.com\/deu\/der-tourismus-am-gardasee-im-laufe-der-geschichte\/"]}]},{"@type":"ImageObject","inLanguage":"it-IT","@id":"https:\/\/www.visitlakegardabyboat.com\/deu\/der-tourismus-am-gardasee-im-laufe-der-geschichte\/#primaryimage","url":"https:\/\/www.visitlakegardabyboat.com\/deu\/wp-content\/uploads\/sites\/11\/2025\/12\/img-internahhistory1.jpg","contentUrl":"https:\/\/www.visitlakegardabyboat.com\/deu\/wp-content\/uploads\/sites\/11\/2025\/12\/img-internahhistory1.jpg","width":296,"height":448},{"@type":"BreadcrumbList","@id":"https:\/\/www.visitlakegardabyboat.com\/deu\/der-tourismus-am-gardasee-im-laufe-der-geschichte\/#breadcrumb","itemListElement":[{"@type":"ListItem","position":1,"name":"Home","item":"https:\/\/www.visitlakegardabyboat.com\/deu\/"},{"@type":"ListItem","position":2,"name":"DER TOURISMUS AM GARDASEE IM LAUFE DER GESCHICHTE"}]},{"@type":"WebSite","@id":"https:\/\/www.visitlakegardabyboat.com\/deu\/#website","url":"https:\/\/www.visitlakegardabyboat.com\/deu\/","name":"Visit Lake Garda by boat","description":"","publisher":{"@id":"https:\/\/www.visitlakegardabyboat.com\/deu\/#organization"},"potentialAction":[{"@type":"SearchAction","target":{"@type":"EntryPoint","urlTemplate":"https:\/\/www.visitlakegardabyboat.com\/deu\/?s={search_term_string}"},"query-input":{"@type":"PropertyValueSpecification","valueRequired":true,"valueName":"search_term_string"}}],"inLanguage":"it-IT"},{"@type":"Organization","@id":"https:\/\/www.visitlakegardabyboat.com\/deu\/#organization","name":"Visit Lake Garda by boat","url":"https:\/\/www.visitlakegardabyboat.com\/deu\/","logo":{"@type":"ImageObject","inLanguage":"it-IT","@id":"https:\/\/www.visitlakegardabyboat.com\/deu\/#\/schema\/logo\/image\/","url":"https:\/\/www.visitlakegardabyboat.com\/deu\/wp-content\/uploads\/sites\/11\/2025\/11\/visitgardalakebyboat.jpg","contentUrl":"https:\/\/www.visitlakegardabyboat.com\/deu\/wp-content\/uploads\/sites\/11\/2025\/11\/visitgardalakebyboat.jpg","width":450,"height":419,"caption":"Visit Lake Garda by boat"},"image":{"@id":"https:\/\/www.visitlakegardabyboat.com\/deu\/#\/schema\/logo\/image\/"}}]}},"_links":{"self":[{"href":"https:\/\/www.visitlakegardabyboat.com\/deu\/wp-json\/wp\/v2\/pages\/1054","targetHints":{"allow":["GET"]}}],"collection":[{"href":"https:\/\/www.visitlakegardabyboat.com\/deu\/wp-json\/wp\/v2\/pages"}],"about":[{"href":"https:\/\/www.visitlakegardabyboat.com\/deu\/wp-json\/wp\/v2\/types\/page"}],"author":[{"embeddable":true,"href":"https:\/\/www.visitlakegardabyboat.com\/deu\/wp-json\/wp\/v2\/users\/1"}],"replies":[{"embeddable":true,"href":"https:\/\/www.visitlakegardabyboat.com\/deu\/wp-json\/wp\/v2\/comments?post=1054"}],"version-history":[{"count":6,"href":"https:\/\/www.visitlakegardabyboat.com\/deu\/wp-json\/wp\/v2\/pages\/1054\/revisions"}],"predecessor-version":[{"id":1285,"href":"https:\/\/www.visitlakegardabyboat.com\/deu\/wp-json\/wp\/v2\/pages\/1054\/revisions\/1285"}],"wp:attachment":[{"href":"https:\/\/www.visitlakegardabyboat.com\/deu\/wp-json\/wp\/v2\/media?parent=1054"}],"curies":[{"name":"wp","href":"https:\/\/api.w.org\/{rel}","templated":true}]}}