{"id":1035,"date":"2025-12-17T11:20:19","date_gmt":"2025-12-17T10:20:19","guid":{"rendered":"https:\/\/www.visitlakegardabyboat.com\/deu\/?page_id=1035"},"modified":"2026-04-08T11:43:16","modified_gmt":"2026-04-08T09:43:16","slug":"unsere-mission","status":"publish","type":"page","link":"https:\/\/www.visitlakegardabyboat.com\/deu\/unsere-mission\/","title":{"rendered":"UNSERE MISSION"},"content":{"rendered":"<div id=\"pl-1035\"  class=\"panel-layout\" ><div id=\"pg-1035-0\"  class=\"panel-grid panel-has-style\" ><div style=\"padding: 0px 0; \" data-overlay=\"true\" data-overlay-color=\"#000000\" class=\"panel-row-style panel-row-style-for-1035-0\" ><div id=\"pgc-1035-0-0\"  class=\"panel-grid-cell\" ><div id=\"panel-1035-0-0-0\" class=\"so-panel widget widget_sow-editor panel-first-child panel-last-child\" data-index=\"0\" ><div style=\"text-align: left;\" data-title-color=\"#443f3f\" data-headings-color=\"#443f3f\" class=\"panel-widget-style panel-widget-style-for-1035-0-0-0\" ><div\n\t\t\t\n\t\t\tclass=\"so-widget-sow-editor so-widget-sow-editor-base\"\n\t\t\t\n\t\t>\n<div class=\"siteorigin-widget-tinymce textwidget\">\n\t<p><span style=\"font-size: 34px; color: #1b376f;\">UNSERE MISSION<\/span><\/p>\n<\/div>\n<\/div><\/div><\/div><\/div><\/div><\/div><div id=\"pg-1035-1\"  class=\"panel-grid panel-has-style\" ><div style=\"padding: 100px 0; \" data-overlay=\"true\" data-overlay-color=\"#000000\" class=\"panel-row-style panel-row-style-for-1035-1\" ><div id=\"pgc-1035-1-0\"  class=\"panel-grid-cell\" ><div id=\"panel-1035-1-0-0\" class=\"so-panel widget widget_text panel-first-child panel-last-child\" data-index=\"1\" ><div style=\"text-align: left;\" data-title-color=\"#443f3f\" data-headings-color=\"#443f3f\" class=\"panel-widget-style panel-widget-style-for-1035-1-0-0\" >\t\t\t<div class=\"textwidget\"><p>Unsere Leidenschaft f\u00fcr den Gardasee vermitteln und mitteilen. Eine Welt, in der die Sch\u00f6nheit im Schweigen spricht und das Staunen in jeder Brise lebt.<\/p>\n<p>&nbsp;<\/p>\n<p style=\"text-align: center;\">Wie?<\/p>\n<ul>\n<li>Indem wir einzigartige Erlebnisse bieten und unvergessliche Erinnerungen schaffen.<\/li>\n<li>Indem wir Momente erm\u00f6glichen, die jede Erwartung \u00fcbertreffen.<\/li>\n<li>Indem wir makellos gepflegte Boote und einen Service auf h\u00f6chstem Niveau zur Verf\u00fcgung stellen.<\/li>\n<li>Indem wir unsere G\u00e4ste inspirieren, zur\u00fcckzukehren \u2013 und uns weiterzuempfehlen.<\/li>\n<\/ul>\n<\/div>\n\t\t<\/div><\/div><\/div><\/div><\/div><div id=\"pg-1035-2\"  class=\"panel-grid panel-has-style\" ><div style=\"padding: 0px 0; \" data-overlay=\"true\" data-overlay-color=\"#000000\" class=\"panel-row-style panel-row-style-for-1035-2\" ><div id=\"pgc-1035-2-0\"  class=\"panel-grid-cell\" ><div id=\"panel-1035-2-0-0\" class=\"so-panel widget widget_sow-image panel-first-child panel-last-child\" data-index=\"2\" ><div style=\"text-align: left;\" data-title-color=\"#443f3f\" data-headings-color=\"#443f3f\" class=\"panel-widget-style panel-widget-style-for-1035-2-0-0\" ><div\n\t\t\t\n\t\t\tclass=\"so-widget-sow-image so-widget-sow-image-default-8b5b6f678277-1035\"\n\t\t\t\n\t\t>\n<div class=\"sow-image-container\">\n\t\t<img \n\tsrc=\"https:\/\/www.visitlakegardabyboat.com\/deu\/wp-content\/uploads\/sites\/11\/2025\/12\/img-interna-mission1.jpg\" width=\"812\" height=\"519\" srcset=\"https:\/\/www.visitlakegardabyboat.com\/deu\/wp-content\/uploads\/sites\/11\/2025\/12\/img-interna-mission1.jpg 812w, https:\/\/www.visitlakegardabyboat.com\/deu\/wp-content\/uploads\/sites\/11\/2025\/12\/img-interna-mission1-300x192.jpg 300w, https:\/\/www.visitlakegardabyboat.com\/deu\/wp-content\/uploads\/sites\/11\/2025\/12\/img-interna-mission1-768x491.jpg 768w, https:\/\/www.visitlakegardabyboat.com\/deu\/wp-content\/uploads\/sites\/11\/2025\/12\/img-interna-mission1-230x147.jpg 230w, https:\/\/www.visitlakegardabyboat.com\/deu\/wp-content\/uploads\/sites\/11\/2025\/12\/img-interna-mission1-350x224.jpg 350w, https:\/\/www.visitlakegardabyboat.com\/deu\/wp-content\/uploads\/sites\/11\/2025\/12\/img-interna-mission1-480x307.jpg 480w\" sizes=\"(max-width: 812px) 100vw, 812px\" alt=\"\" \t\tclass=\"so-widget-image\"\/>\n\t<\/div>\n\n<\/div><\/div><\/div><\/div><div id=\"pgc-1035-2-1\"  class=\"panel-grid-cell\" ><div id=\"panel-1035-2-1-0\" class=\"so-panel widget widget_sow-image panel-first-child panel-last-child\" data-index=\"3\" ><div style=\"text-align: left;\" data-title-color=\"#443f3f\" data-headings-color=\"#443f3f\" class=\"panel-widget-style panel-widget-style-for-1035-2-1-0\" ><div\n\t\t\t\n\t\t\tclass=\"so-widget-sow-image so-widget-sow-image-default-8b5b6f678277-1035\"\n\t\t\t\n\t\t>\n<div class=\"sow-image-container\">\n\t\t<img \n\tsrc=\"https:\/\/www.visitlakegardabyboat.com\/deu\/wp-content\/uploads\/sites\/11\/2025\/12\/img-interna-mission2.jpg\" width=\"812\" height=\"519\" srcset=\"https:\/\/www.visitlakegardabyboat.com\/deu\/wp-content\/uploads\/sites\/11\/2025\/12\/img-interna-mission2.jpg 812w, https:\/\/www.visitlakegardabyboat.com\/deu\/wp-content\/uploads\/sites\/11\/2025\/12\/img-interna-mission2-300x192.jpg 300w, https:\/\/www.visitlakegardabyboat.com\/deu\/wp-content\/uploads\/sites\/11\/2025\/12\/img-interna-mission2-768x491.jpg 768w, https:\/\/www.visitlakegardabyboat.com\/deu\/wp-content\/uploads\/sites\/11\/2025\/12\/img-interna-mission2-230x147.jpg 230w, https:\/\/www.visitlakegardabyboat.com\/deu\/wp-content\/uploads\/sites\/11\/2025\/12\/img-interna-mission2-350x224.jpg 350w, https:\/\/www.visitlakegardabyboat.com\/deu\/wp-content\/uploads\/sites\/11\/2025\/12\/img-interna-mission2-480x307.jpg 480w\" sizes=\"(max-width: 812px) 100vw, 812px\" alt=\"\" \t\tclass=\"so-widget-image\"\/>\n\t<\/div>\n\n<\/div><\/div><\/div><\/div><\/div><\/div><\/div>","protected":false},"excerpt":{"rendered":"<p>UNSERE MISSION Unsere Leidenschaft f\u00fcr den Gardasee vermitteln und mitteilen. Eine Welt, in der die Sch\u00f6nheit im Schweigen spricht und das Staunen in jeder Brise lebt. &nbsp; Wie? Indem wir einzigartige Erlebnisse bieten und unvergessliche Erinnerungen schaffen. Indem wir Momente erm\u00f6glichen, die jede Erwartung \u00fcbertreffen. Indem wir makellos gepflegte Boote und einen Service auf h\u00f6chstem [&hellip;]<\/p>\n","protected":false},"author":1,"featured_media":0,"parent":0,"menu_order":0,"comment_status":"closed","ping_status":"closed","template":"page-templates\/page_fullwidth.php","meta":{"inline_featured_image":false,"ngg_post_thumbnail":0,"footnotes":""},"class_list":["post-1035","page","type-page","status-publish","hentry"],"yoast_head":"<!-- This site is optimized with the Yoast SEO plugin v27.3 - https:\/\/yoast.com\/product\/yoast-seo-wordpress\/ -->\n<title>UNSERE MISSION - Visit Lake Garda by boat Tedesco<\/title>\n<meta name=\"robots\" content=\"index, follow, max-snippet:-1, max-image-preview:large, max-video-preview:-1\" \/>\n<link rel=\"canonical\" href=\"https:\/\/www.visitlakegardabyboat.com\/deu\/unsere-mission\/\" \/>\n<meta property=\"og:locale\" content=\"it_IT\" \/>\n<meta property=\"og:type\" content=\"article\" \/>\n<meta property=\"og:title\" content=\"UNSERE MISSION - Visit Lake Garda by boat Tedesco\" \/>\n<meta property=\"og:description\" content=\"UNSERE MISSION Unsere Leidenschaft f\u00fcr den Gardasee vermitteln und mitteilen. Eine Welt, in der die Sch\u00f6nheit im Schweigen spricht und das Staunen in jeder Brise lebt. &nbsp; Wie? Indem wir einzigartige Erlebnisse bieten und unvergessliche Erinnerungen schaffen. Indem wir Momente erm\u00f6glichen, die jede Erwartung \u00fcbertreffen. Indem wir makellos gepflegte Boote und einen Service auf h\u00f6chstem [&hellip;]\" \/>\n<meta property=\"og:url\" content=\"https:\/\/www.visitlakegardabyboat.com\/deu\/unsere-mission\/\" \/>\n<meta property=\"og:site_name\" content=\"Visit Lake Garda by boat Tedesco\" \/>\n<meta property=\"article:modified_time\" content=\"2026-04-08T09:43:16+00:00\" \/>\n<meta name=\"twitter:card\" content=\"summary_large_image\" \/>\n<meta name=\"twitter:label1\" content=\"Tempo di lettura stimato\" \/>\n\t<meta name=\"twitter:data1\" content=\"1 minuto\" \/>\n<script type=\"application\/ld+json\" class=\"yoast-schema-graph\">{\"@context\":\"https:\\\/\\\/schema.org\",\"@graph\":[{\"@type\":\"WebPage\",\"@id\":\"https:\\\/\\\/www.visitlakegardabyboat.com\\\/deu\\\/unsere-mission\\\/\",\"url\":\"https:\\\/\\\/www.visitlakegardabyboat.com\\\/deu\\\/unsere-mission\\\/\",\"name\":\"UNSERE MISSION - Visit Lake Garda by boat Tedesco\",\"isPartOf\":{\"@id\":\"https:\\\/\\\/www.visitlakegardabyboat.com\\\/deu\\\/#website\"},\"datePublished\":\"2025-12-17T10:20:19+00:00\",\"dateModified\":\"2026-04-08T09:43:16+00:00\",\"breadcrumb\":{\"@id\":\"https:\\\/\\\/www.visitlakegardabyboat.com\\\/deu\\\/unsere-mission\\\/#breadcrumb\"},\"inLanguage\":\"it-IT\",\"potentialAction\":[{\"@type\":\"ReadAction\",\"target\":[\"https:\\\/\\\/www.visitlakegardabyboat.com\\\/deu\\\/unsere-mission\\\/\"]}]},{\"@type\":\"BreadcrumbList\",\"@id\":\"https:\\\/\\\/www.visitlakegardabyboat.com\\\/deu\\\/unsere-mission\\\/#breadcrumb\",\"itemListElement\":[{\"@type\":\"ListItem\",\"position\":1,\"name\":\"Home\",\"item\":\"https:\\\/\\\/www.visitlakegardabyboat.com\\\/deu\\\/\"},{\"@type\":\"ListItem\",\"position\":2,\"name\":\"UNSERE MISSION\"}]},{\"@type\":\"WebSite\",\"@id\":\"https:\\\/\\\/www.visitlakegardabyboat.com\\\/deu\\\/#website\",\"url\":\"https:\\\/\\\/www.visitlakegardabyboat.com\\\/deu\\\/\",\"name\":\"Visit Lake Garda by boat\",\"description\":\"\",\"publisher\":{\"@id\":\"https:\\\/\\\/www.visitlakegardabyboat.com\\\/deu\\\/#organization\"},\"potentialAction\":[{\"@type\":\"SearchAction\",\"target\":{\"@type\":\"EntryPoint\",\"urlTemplate\":\"https:\\\/\\\/www.visitlakegardabyboat.com\\\/deu\\\/?s={search_term_string}\"},\"query-input\":{\"@type\":\"PropertyValueSpecification\",\"valueRequired\":true,\"valueName\":\"search_term_string\"}}],\"inLanguage\":\"it-IT\"},{\"@type\":\"Organization\",\"@id\":\"https:\\\/\\\/www.visitlakegardabyboat.com\\\/deu\\\/#organization\",\"name\":\"Visit Lake Garda by boat\",\"url\":\"https:\\\/\\\/www.visitlakegardabyboat.com\\\/deu\\\/\",\"logo\":{\"@type\":\"ImageObject\",\"inLanguage\":\"it-IT\",\"@id\":\"https:\\\/\\\/www.visitlakegardabyboat.com\\\/deu\\\/#\\\/schema\\\/logo\\\/image\\\/\",\"url\":\"https:\\\/\\\/www.visitlakegardabyboat.com\\\/deu\\\/wp-content\\\/uploads\\\/sites\\\/11\\\/2025\\\/11\\\/visitgardalakebyboat.jpg\",\"contentUrl\":\"https:\\\/\\\/www.visitlakegardabyboat.com\\\/deu\\\/wp-content\\\/uploads\\\/sites\\\/11\\\/2025\\\/11\\\/visitgardalakebyboat.jpg\",\"width\":450,\"height\":419,\"caption\":\"Visit Lake Garda by boat\"},\"image\":{\"@id\":\"https:\\\/\\\/www.visitlakegardabyboat.com\\\/deu\\\/#\\\/schema\\\/logo\\\/image\\\/\"}}]}<\/script>\n<!-- \/ Yoast SEO plugin. -->","yoast_head_json":{"title":"UNSERE MISSION - Visit Lake Garda by boat Tedesco","robots":{"index":"index","follow":"follow","max-snippet":"max-snippet:-1","max-image-preview":"max-image-preview:large","max-video-preview":"max-video-preview:-1"},"canonical":"https:\/\/www.visitlakegardabyboat.com\/deu\/unsere-mission\/","og_locale":"it_IT","og_type":"article","og_title":"UNSERE MISSION - Visit Lake Garda by boat Tedesco","og_description":"UNSERE MISSION Unsere Leidenschaft f\u00fcr den Gardasee vermitteln und mitteilen. Eine Welt, in der die Sch\u00f6nheit im Schweigen spricht und das Staunen in jeder Brise lebt. &nbsp; Wie? Indem wir einzigartige Erlebnisse bieten und unvergessliche Erinnerungen schaffen. Indem wir Momente erm\u00f6glichen, die jede Erwartung \u00fcbertreffen. Indem wir makellos gepflegte Boote und einen Service auf h\u00f6chstem [&hellip;]","og_url":"https:\/\/www.visitlakegardabyboat.com\/deu\/unsere-mission\/","og_site_name":"Visit Lake Garda by boat Tedesco","article_modified_time":"2026-04-08T09:43:16+00:00","twitter_card":"summary_large_image","twitter_misc":{"Tempo di lettura stimato":"1 minuto"},"schema":{"@context":"https:\/\/schema.org","@graph":[{"@type":"WebPage","@id":"https:\/\/www.visitlakegardabyboat.com\/deu\/unsere-mission\/","url":"https:\/\/www.visitlakegardabyboat.com\/deu\/unsere-mission\/","name":"UNSERE MISSION - Visit Lake Garda by boat Tedesco","isPartOf":{"@id":"https:\/\/www.visitlakegardabyboat.com\/deu\/#website"},"datePublished":"2025-12-17T10:20:19+00:00","dateModified":"2026-04-08T09:43:16+00:00","breadcrumb":{"@id":"https:\/\/www.visitlakegardabyboat.com\/deu\/unsere-mission\/#breadcrumb"},"inLanguage":"it-IT","potentialAction":[{"@type":"ReadAction","target":["https:\/\/www.visitlakegardabyboat.com\/deu\/unsere-mission\/"]}]},{"@type":"BreadcrumbList","@id":"https:\/\/www.visitlakegardabyboat.com\/deu\/unsere-mission\/#breadcrumb","itemListElement":[{"@type":"ListItem","position":1,"name":"Home","item":"https:\/\/www.visitlakegardabyboat.com\/deu\/"},{"@type":"ListItem","position":2,"name":"UNSERE MISSION"}]},{"@type":"WebSite","@id":"https:\/\/www.visitlakegardabyboat.com\/deu\/#website","url":"https:\/\/www.visitlakegardabyboat.com\/deu\/","name":"Visit Lake Garda by boat","description":"","publisher":{"@id":"https:\/\/www.visitlakegardabyboat.com\/deu\/#organization"},"potentialAction":[{"@type":"SearchAction","target":{"@type":"EntryPoint","urlTemplate":"https:\/\/www.visitlakegardabyboat.com\/deu\/?s={search_term_string}"},"query-input":{"@type":"PropertyValueSpecification","valueRequired":true,"valueName":"search_term_string"}}],"inLanguage":"it-IT"},{"@type":"Organization","@id":"https:\/\/www.visitlakegardabyboat.com\/deu\/#organization","name":"Visit Lake Garda by boat","url":"https:\/\/www.visitlakegardabyboat.com\/deu\/","logo":{"@type":"ImageObject","inLanguage":"it-IT","@id":"https:\/\/www.visitlakegardabyboat.com\/deu\/#\/schema\/logo\/image\/","url":"https:\/\/www.visitlakegardabyboat.com\/deu\/wp-content\/uploads\/sites\/11\/2025\/11\/visitgardalakebyboat.jpg","contentUrl":"https:\/\/www.visitlakegardabyboat.com\/deu\/wp-content\/uploads\/sites\/11\/2025\/11\/visitgardalakebyboat.jpg","width":450,"height":419,"caption":"Visit Lake Garda by boat"},"image":{"@id":"https:\/\/www.visitlakegardabyboat.com\/deu\/#\/schema\/logo\/image\/"}}]}},"_links":{"self":[{"href":"https:\/\/www.visitlakegardabyboat.com\/deu\/wp-json\/wp\/v2\/pages\/1035","targetHints":{"allow":["GET"]}}],"collection":[{"href":"https:\/\/www.visitlakegardabyboat.com\/deu\/wp-json\/wp\/v2\/pages"}],"about":[{"href":"https:\/\/www.visitlakegardabyboat.com\/deu\/wp-json\/wp\/v2\/types\/page"}],"author":[{"embeddable":true,"href":"https:\/\/www.visitlakegardabyboat.com\/deu\/wp-json\/wp\/v2\/users\/1"}],"replies":[{"embeddable":true,"href":"https:\/\/www.visitlakegardabyboat.com\/deu\/wp-json\/wp\/v2\/comments?post=1035"}],"version-history":[{"count":7,"href":"https:\/\/www.visitlakegardabyboat.com\/deu\/wp-json\/wp\/v2\/pages\/1035\/revisions"}],"predecessor-version":[{"id":1283,"href":"https:\/\/www.visitlakegardabyboat.com\/deu\/wp-json\/wp\/v2\/pages\/1035\/revisions\/1283"}],"wp:attachment":[{"href":"https:\/\/www.visitlakegardabyboat.com\/deu\/wp-json\/wp\/v2\/media?parent=1035"}],"curies":[{"name":"wp","href":"https:\/\/api.w.org\/{rel}","templated":true}]}}